{"id":110,"date":"2026-03-27T12:55:48","date_gmt":"2026-03-27T12:55:48","guid":{"rendered":"https:\/\/dzbeocin.rs\/?page_id=110"},"modified":"2026-03-27T17:17:45","modified_gmt":"2026-03-27T17:17:45","slug":"kontakt","status":"publish","type":"page","link":"https:\/\/dzbeocin.rs\/?page_id=110","title":{"rendered":"KONTAKT"},"content":{"rendered":"\n<div class=\"wp-block-columns is-style-bk-box-shadow is-layout-flex wp-container-core-columns-is-layout-809b52e5 wp-block-columns-is-layout-flex\" style=\"margin-top:var(--wp--preset--spacing--small);margin-bottom:var(--wp--preset--spacing--small);padding-top:var(--wp--preset--spacing--small);padding-right:var(--wp--preset--spacing--xx-large);padding-bottom:var(--wp--preset--spacing--small);padding-left:var(--wp--preset--spacing--xx-large)\">\n<div class=\"wp-block-column is-style-default is-layout-flow wp-container-core-column-is-layout-470e7e12 wp-block-column-is-layout-flow\" style=\"padding-top:0;padding-right:0;padding-bottom:0;padding-left:0\">\n<p class=\"has-text-align-right has-highlight-color has-text-color has-link-color wp-elements-925349686b3f5ab7820646027201e118\">Naziv zdravstvene ustanove:<\/p>\n\n\n\n<p class=\"has-text-align-right has-highlight-color has-text-color has-link-color wp-elements-362472b7169f8e466db7bbd59093f131\">Adresa:<\/p>\n\n\n\n<p class=\"has-text-align-right has-highlight-color has-text-color has-link-color wp-elements-cb12a9e7370f6ea4dbf242bf29831740\">\u0160ifra delatnosti:<\/p>\n\n\n\n<p class=\"has-text-align-right has-highlight-color has-text-color has-link-color wp-elements-befaddeea4778132ea8461851bb5a436\">Mati\u010dni broj:<\/p>\n\n\n\n<p class=\"has-text-align-right has-highlight-color has-text-color has-link-color wp-elements-ce6b9d9d5c18ba4d6ccdb82551d92488\">PIB:<\/p>\n\n\n\n<p class=\"has-text-align-right has-highlight-color has-text-color has-link-color wp-elements-dd9fab23446a411e9ae7bf038d638186\">Teku\u0107i ra\u010dun kod Uprave za trezor:<\/p>\n\n\n\n<p class=\"has-text-align-right has-highlight-color has-text-color has-link-color wp-elements-8d51938bb2e528647a500b7b2c89c903\">Tel.:<\/p>\n\n\n\n<p class=\"has-text-align-right has-highlight-color has-text-color has-link-color wp-elements-b6ba577942dc925e06f30c271245c48e\">E-mail:<\/p>\n<\/div>\n\n\n\n<div class=\"wp-block-column is-layout-flow wp-container-core-column-is-layout-8a368f38 wp-block-column-is-layout-flow\">\n<p class=\"has-secondary-color has-text-color has-link-color wp-elements-eb44ec316508743f1e1f1a53c5481325\">Dom zdravlja \u201eDr Du\u0161an Savi\u0107 Doda\u201c<\/p>\n\n\n\n<p class=\"has-secondary-color has-text-color has-link-color wp-elements-15f4b0bc5447a4a112c2840eb1f09ba5\">Svetosavska 8B, 21300 Beo\u010din<\/p>\n\n\n\n<p class=\"has-secondary-color has-text-color has-link-color wp-elements-9995dec65dff41fadbc3dd68cfb9d467\">8621<\/p>\n\n\n\n<p class=\"has-secondary-color has-text-color has-link-color wp-elements-d0360b23e4ec4b8eec2c11b197f7a36c\">08071411<\/p>\n\n\n\n<p class=\"has-secondary-color has-text-color has-link-color wp-elements-77cc5ecc8679db487aa8e9a631f80d13\">101235906<\/p>\n\n\n\n<p class=\"has-secondary-color has-text-color has-link-color wp-elements-f6c1872bf6bdf35377b23514d12b6177\">840-337661-19<\/p>\n\n\n\n<p class=\"has-secondary-color has-text-color has-link-color wp-elements-a5ff5cda2b793f67a6580f5264ff8127\">021\/2972-000<\/p>\n\n\n\n<p class=\"has-secondary-color has-text-color has-link-color wp-elements-1ed75025d03e4bde1096985eb9bdbd2d\"><strong>dzbeocin.office@gmail.com<\/strong><\/p>\n\n\n\n<p class=\"has-secondary-color has-text-color has-link-color wp-elements-78ade0b2f53d2dcea85f0a9ee7a8c9db\">dzbeocin.direktor@gmail.com<\/p>\n\n\n\n<p class=\"has-secondary-color has-text-color has-link-color wp-elements-971f095028eb7157672df417dba643d2\">glavnasestra.dzbeocin@gmail.com<\/p>\n\n\n\n<p class=\"has-secondary-color has-text-color has-link-color wp-elements-1c541c461e691b6c95edf09b04ee9c27\">dzbeocin.pravnik@gmail.com<\/p>\n\n\n\n<p class=\"has-secondary-color has-text-color has-link-color wp-elements-9d4c3c695450a081c5a7f689ad582472\">aop.dzbeocin@gmail.com<br>dzbeocin.finansije@gmail.com<br>dzbeocin.laboratorija@gmail.com<\/p>\n\n\n\n<p class=\"has-secondary-color has-text-color has-link-color wp-elements-2fe1f0cf7702e0331b3341c8f39b0fe9\">dzbeocin.pedijatrija@gmail.com<\/p>\n\n\n\n<p class=\"has-secondary-color has-text-color has-link-color wp-elements-f2b6632141d5405f225c25d518cded03\">dzbeocin.stomatologija@gmail.com<\/p>\n\n\n\n<p class=\"has-secondary-color has-text-color has-link-color wp-elements-67ac3e21e0033efe73eb78fb31797374\"><br><br><\/p>\n<\/div>\n<\/div>\n\n\n\n<div class=\"wp-block-contact-form-7-contact-form-selector\">\n<div class=\"wpcf7 no-js\" id=\"wpcf7-f130-o1\" lang=\"en-US\" dir=\"ltr\" data-wpcf7-id=\"130\">\n<div class=\"screen-reader-response\"><p role=\"status\" aria-live=\"polite\" aria-atomic=\"true\"><\/p> <ul><\/ul><\/div>\n<form action=\"\/index.php?rest_route=%2Fwp%2Fv2%2Fpages%2F110#wpcf7-f130-o1\" method=\"post\" class=\"wpcf7-form init\" aria-label=\"Contact form\" novalidate=\"novalidate\" data-status=\"init\">\n<fieldset class=\"hidden-fields-container\"><input type=\"hidden\" name=\"_wpcf7\" value=\"130\" \/><input type=\"hidden\" name=\"_wpcf7_version\" value=\"6.1.5\" \/><input type=\"hidden\" name=\"_wpcf7_locale\" value=\"en_US\" \/><input type=\"hidden\" name=\"_wpcf7_unit_tag\" value=\"wpcf7-f130-o1\" \/><input type=\"hidden\" name=\"_wpcf7_container_post\" value=\"0\" \/><input type=\"hidden\" name=\"_wpcf7_posted_data_hash\" value=\"\" \/>\n<\/fieldset>\n<p><label> Va\u0161e ime<br \/>\n<span class=\"wpcf7-form-control-wrap\" data-name=\"your-name\"><input size=\"40\" maxlength=\"400\" class=\"wpcf7-form-control wpcf7-text wpcf7-validates-as-required\" autocomplete=\"name\" aria-required=\"true\" aria-invalid=\"false\" value=\"\" type=\"text\" name=\"your-name\" \/><\/span> <\/label>\n<\/p>\n<p><label> Va\u0161a e-mail adresa<br \/>\n<span class=\"wpcf7-form-control-wrap\" data-name=\"your-email\"><input size=\"40\" maxlength=\"400\" class=\"wpcf7-form-control wpcf7-email wpcf7-validates-as-required wpcf7-text wpcf7-validates-as-email\" autocomplete=\"email\" aria-required=\"true\" aria-invalid=\"false\" value=\"\" type=\"email\" name=\"your-email\" \/><\/span> <\/label>\n<\/p>\n<p><label> Predmet<br \/>\n<span class=\"wpcf7-form-control-wrap\" data-name=\"your-subject\"><input size=\"40\" maxlength=\"400\" class=\"wpcf7-form-control wpcf7-text wpcf7-validates-as-required\" aria-required=\"true\" aria-invalid=\"false\" value=\"\" type=\"text\" name=\"your-subject\" \/><\/span> <\/label>\n<\/p>\n<p><label> Va\u0161a poruka<br \/>\n<span class=\"wpcf7-form-control-wrap\" data-name=\"your-message\"><textarea cols=\"40\" rows=\"10\" maxlength=\"2000\" class=\"wpcf7-form-control wpcf7-textarea\" aria-invalid=\"false\" name=\"your-message\"><\/textarea><\/span> <\/label>\n<\/p>\n<p><input class=\"wpcf7-form-control wpcf7-submit has-spinner\" type=\"submit\" value=\"Po\u0161alji\" \/>\n<\/p><p style=\"display: none !important;\" class=\"akismet-fields-container\" data-prefix=\"_wpcf7_ak_\"><label>&#916;<textarea name=\"_wpcf7_ak_hp_textarea\" cols=\"45\" rows=\"8\" maxlength=\"100\"><\/textarea><\/label><input type=\"hidden\" id=\"ak_js_1\" name=\"_wpcf7_ak_js\" value=\"145\"\/><script>document.getElementById( \"ak_js_1\" ).setAttribute( \"value\", ( new Date() ).getTime() );<\/script><\/p><div class=\"wpcf7-response-output\" aria-hidden=\"true\"><\/div>\n<\/form>\n<\/div>\n<\/div>\n","protected":false},"excerpt":{"rendered":"<p>Naziv zdravstvene ustanove: Adresa: \u0160ifra delatnosti: Mati\u010dni broj: PIB: Teku\u0107i ra\u010dun kod Uprave za trezor: Tel.: E-mail: Dom zdravlja \u201eDr Du\u0161an Savi\u0107 Doda\u201c Svetosavska 8B, 21300 Beo\u010din 8621 08071411 101235906 840-337661-19 021\/2972-000 dzbeocin.office@gmail.com dzbeocin.direktor@gmail.com glavnasestra.dzbeocin@gmail.com dzbeocin.pravnik@gmail.com aop.dzbeocin@gmail.comdzbeocin.finansije@gmail.comdzbeocin.laboratorija@gmail.com dzbeocin.pedijatrija@gmail.com dzbeocin.stomatologija@gmail.com<\/p>\n","protected":false},"author":1,"featured_media":0,"parent":0,"menu_order":0,"comment_status":"closed","ping_status":"closed","template":"","meta":{"footnotes":""},"class_list":["post-110","page","type-page","status-publish","hentry"],"_links":{"self":[{"href":"https:\/\/dzbeocin.rs\/index.php?rest_route=\/wp\/v2\/pages\/110","targetHints":{"allow":["GET"]}}],"collection":[{"href":"https:\/\/dzbeocin.rs\/index.php?rest_route=\/wp\/v2\/pages"}],"about":[{"href":"https:\/\/dzbeocin.rs\/index.php?rest_route=\/wp\/v2\/types\/page"}],"author":[{"embeddable":true,"href":"https:\/\/dzbeocin.rs\/index.php?rest_route=\/wp\/v2\/users\/1"}],"replies":[{"embeddable":true,"href":"https:\/\/dzbeocin.rs\/index.php?rest_route=%2Fwp%2Fv2%2Fcomments&post=110"}],"version-history":[{"count":8,"href":"https:\/\/dzbeocin.rs\/index.php?rest_route=\/wp\/v2\/pages\/110\/revisions"}],"predecessor-version":[{"id":168,"href":"https:\/\/dzbeocin.rs\/index.php?rest_route=\/wp\/v2\/pages\/110\/revisions\/168"}],"wp:attachment":[{"href":"https:\/\/dzbeocin.rs\/index.php?rest_route=%2Fwp%2Fv2%2Fmedia&parent=110"}],"curies":[{"name":"wp","href":"https:\/\/api.w.org\/{rel}","templated":true}]}}