{"id":135,"date":"2026-03-27T13:17:20","date_gmt":"2026-03-27T13:17:20","guid":{"rendered":"https:\/\/dzbeocin.rs\/?page_id=135"},"modified":"2026-03-31T08:26:33","modified_gmt":"2026-03-31T08:26:33","slug":"misija-i-vizija","status":"publish","type":"page","link":"https:\/\/dzbeocin.rs\/?page_id=135","title":{"rendered":"MISIJA I VIZIJA"},"content":{"rendered":"\n<div class=\"wp-block-group is-style-bk-box-shadow-large has-global-padding is-layout-constrained wp-container-core-group-is-layout-8217c53c wp-block-group-is-layout-constrained\" style=\"padding-top:var(--wp--preset--spacing--medium);padding-right:var(--wp--preset--spacing--medium);padding-bottom:var(--wp--preset--spacing--medium);padding-left:var(--wp--preset--spacing--medium)\">\n<h2 class=\"wp-block-heading has-secondary-color has-text-color has-link-color wp-elements-a275835b17123be956271c7c0bc6a5c4\">MISIJA<\/h2>\n\n\n\n<p class=\"has-highlight-color has-text-color has-link-color wp-elements-de72ad6319982e7c57c5c4483cda25d6\">Misija Doma zdravlja Beo\u010din je efikasno i efektivno pru\u017eanje usluga primarne zdravstvene za\u0161tite stanovni\u0161tva koja objedinjuje delatnost op\u0161te, porodi\u010dne medicine, hitne medicinske pomo\u0107i i ku\u0107nog le\u010denja, zdravstvenu za\u0161titu dece, \u017eena i polivalentnu patrona\u017eu, stomatolo\u0161ku zdravstvenu za\u0161titu, laboratorijsku i radiolo\u0161ku dijagnostiku i specijalisti\u010dko konsultativnu delatnost.<\/p>\n<\/div>\n\n\n\n<figure class=\"wp-block-image aligncenter size-full is-resized is-style-default wp-duotone-secondary\" style=\"margin-top:var(--wp--preset--spacing--x-small);margin-right:0;margin-bottom:var(--wp--preset--spacing--x-small);margin-left:0\"><img loading=\"lazy\" decoding=\"async\" width=\"94\" height=\"94\" src=\"https:\/\/dzbeocin.rs\/wp-content\/uploads\/2026\/03\/image.png\" alt=\"\" class=\"wp-image-214\" style=\"width:70px;height:auto\"\/><\/figure>\n\n\n\n<div class=\"wp-block-group is-style-bk-box-shadow-large has-global-padding is-layout-constrained wp-container-core-group-is-layout-8217c53c wp-block-group-is-layout-constrained\" style=\"padding-top:var(--wp--preset--spacing--medium);padding-right:var(--wp--preset--spacing--medium);padding-bottom:var(--wp--preset--spacing--medium);padding-left:var(--wp--preset--spacing--medium)\">\n<h2 class=\"wp-block-heading has-secondary-color has-text-color has-link-color wp-elements-3874adf65dcbdf4539dfb7684a177cae\">VIZIJA<\/h2>\n\n\n\n<p class=\"has-highlight-color has-text-color has-link-color wp-elements-eba4b0f34938c0bce0539c7d1189605e\">Vizija Doma zdravlja Beo\u010din je konstantno unapre\u0111enje zdravstvene za\u0161tite stanovni\u0161tva koja podrazumeva sveobuhvatnu brigu za zdravlje, sprovo\u0111enjem preventivnih i kurativnih mera, zdravstvenim vaspitanjem, kao i saradnjom sa svim organizacijama i ustanovama koje mogu doprineti boljem zdravlju i kvalitetnijem na\u010dinu \u017eivota stanovni\u0161tva.<\/p>\n<\/div>\n\n\n\n<p><\/p>\n","protected":false},"excerpt":{"rendered":"<p>MISIJA Misija Doma zdravlja Beo\u010din je efikasno i efektivno pru\u017eanje usluga primarne zdravstvene za\u0161tite stanovni\u0161tva koja objedinjuje delatnost op\u0161te, porodi\u010dne medicine, hitne medicinske pomo\u0107i i ku\u0107nog le\u010denja, zdravstvenu za\u0161titu dece, \u017eena i polivalentnu patrona\u017eu, stomatolo\u0161ku zdravstvenu za\u0161titu, laboratorijsku i radiolo\u0161ku dijagnostiku i specijalisti\u010dko konsultativnu delatnost. VIZIJA Vizija Doma zdravlja Beo\u010din je konstantno unapre\u0111enje zdravstvene za\u0161tite [&hellip;]<\/p>\n","protected":false},"author":1,"featured_media":0,"parent":0,"menu_order":0,"comment_status":"closed","ping_status":"closed","template":"","meta":{"footnotes":""},"class_list":["post-135","page","type-page","status-publish","hentry"],"_links":{"self":[{"href":"https:\/\/dzbeocin.rs\/index.php?rest_route=\/wp\/v2\/pages\/135","targetHints":{"allow":["GET"]}}],"collection":[{"href":"https:\/\/dzbeocin.rs\/index.php?rest_route=\/wp\/v2\/pages"}],"about":[{"href":"https:\/\/dzbeocin.rs\/index.php?rest_route=\/wp\/v2\/types\/page"}],"author":[{"embeddable":true,"href":"https:\/\/dzbeocin.rs\/index.php?rest_route=\/wp\/v2\/users\/1"}],"replies":[{"embeddable":true,"href":"https:\/\/dzbeocin.rs\/index.php?rest_route=%2Fwp%2Fv2%2Fcomments&post=135"}],"version-history":[{"count":4,"href":"https:\/\/dzbeocin.rs\/index.php?rest_route=\/wp\/v2\/pages\/135\/revisions"}],"predecessor-version":[{"id":213,"href":"https:\/\/dzbeocin.rs\/index.php?rest_route=\/wp\/v2\/pages\/135\/revisions\/213"}],"wp:attachment":[{"href":"https:\/\/dzbeocin.rs\/index.php?rest_route=%2Fwp%2Fv2%2Fmedia&parent=135"}],"curies":[{"name":"wp","href":"https:\/\/api.w.org\/{rel}","templated":true}]}}