{"id":139,"date":"2026-03-27T14:41:11","date_gmt":"2026-03-27T14:41:11","guid":{"rendered":"https:\/\/dzbeocin.rs\/?page_id=139"},"modified":"2026-03-27T14:54:35","modified_gmt":"2026-03-27T14:54:35","slug":"rukovodstvo-i-organi-doma-zdravlja","status":"publish","type":"page","link":"https:\/\/dzbeocin.rs\/?page_id=139","title":{"rendered":"RUKOVODSTVO I ORGANI DOMA ZDRAVLJA"},"content":{"rendered":"\n<div class=\"wp-block-group is-style-bk-box-shadow-large has-global-padding is-layout-constrained wp-container-core-group-is-layout-8217c53c wp-block-group-is-layout-constrained\" style=\"padding-top:var(--wp--preset--spacing--medium);padding-right:var(--wp--preset--spacing--medium);padding-bottom:var(--wp--preset--spacing--medium);padding-left:var(--wp--preset--spacing--medium)\">\n<h2 class=\"wp-block-heading has-secondary-color has-text-color has-link-color wp-elements-d015a6ed33c121640b31f083942dabf5\">RUKOVODSTVO DOMA ZDRAVLJA<\/h2>\n\n\n\n<p class=\"has-highlight-color has-text-color has-link-color wp-elements-96cd1c530b407626515c2aef751940f0\">V. d. direktora: <strong>Milo\u0161 Mati\u0107<\/strong>, dipl. pravnik<\/p>\n\n\n\n<p class=\"has-highlight-color has-text-color has-link-color wp-elements-6a35188e3a20a41c0713a094c4143dac\">Na\u010delnik slu\u017ebe op\u0161te medicine sa HMP i ku\u0107nim le\u010denjem: dr <strong>Goran D\u017eapo<\/strong>, spec. urgentne medicine<\/p>\n\n\n\n<p class=\"has-highlight-color has-text-color has-link-color wp-elements-ec872296fc7fc9af195e41dce17505aa\">Rukovodilac odeljenja hitne medicinske pomo\u0107i: dr <strong>Ana&nbsp;Slijep\u010devi\u0107<\/strong>, spec. urgentne medicine<\/p>\n\n\n\n<p class=\"has-highlight-color has-text-color has-link-color wp-elements-38fc9c2c5c736c0f568fa81cdc3facd2\">Na\u010delnik slu\u017ebe za zdravstvenu za\u0161titu dece i \u017eena sa polivalentnom patrona\u017eom: dr <strong>Rajka Svir\u010devi\u0107<\/strong>, spec. pedijatrije<\/p>\n\n\n\n<p class=\"has-highlight-color has-text-color has-link-color wp-elements-1080a87292b7d86fe30db5f880be6be6\">Na\u010delnik specijalisti\u010dko-konsultativne i dijagnosti\u010dne slu\u017ebe: dr <strong>Vasilije Li\u010danin<\/strong>, spec. pneumoftiziologije<\/p>\n\n\n\n<p class=\"has-highlight-color has-text-color has-link-color wp-elements-49b123d312d9439e64fc962842752da4\">Na\u010delnik slu\u017ebe stomatolo\u0161ke zdravstvene za\u0161tite: dr <strong>Masoud Momeni Sedehi<\/strong>, doktor stomatologije<\/p>\n\n\n\n<p class=\"has-highlight-color has-text-color has-link-color wp-elements-a0e5bf7d47b1e60fbe82c2f3e5cf4762\">Glavna sestra Doma zdravlja: <strong>Minja \u010colovi\u0107<\/strong>, strukovna med. sestra<\/p>\n\n\n\n<p class=\"has-highlight-color has-text-color has-link-color wp-elements-b0a6fafe0e9bec57bf1a49cf8f9d5356\">Rukovodilac laboratorijske dijagnostike: <strong>Jasmina \u0160u\u0161njar<\/strong>, magistar farmacije &#8211; medicinski biohemi\u010dar<\/p>\n\n\n\n<p class=\"has-highlight-color has-text-color has-link-color wp-elements-6fc32d52c485016e5d97df5ce2d903c6\">Rukovodilac slu\u017ebe za pravne, ekonomske, finansijske, tehni\u010dke i druge poslove:<\/p>\n<\/div>\n\n\n\n<div class=\"wp-block-group is-style-bk-box-shadow-large has-global-padding is-layout-constrained wp-container-core-group-is-layout-8217c53c wp-block-group-is-layout-constrained\" style=\"padding-top:var(--wp--preset--spacing--medium);padding-right:var(--wp--preset--spacing--medium);padding-bottom:var(--wp--preset--spacing--medium);padding-left:var(--wp--preset--spacing--medium)\">\n<h2 class=\"wp-block-heading has-secondary-color has-text-color has-link-color wp-elements-7caf46dad97bf9ae941dbf2d4973e2a2\">ORGANI DOMA ZDRAVLJA<\/h2>\n\n\n\n<div class=\"wp-block-group has-global-padding is-layout-constrained wp-block-group-is-layout-constrained\">\n<h4 class=\"wp-block-heading has-neutral-color has-text-color has-link-color wp-elements-f9c13a0dd0f5daf78b5c245c0eae8541\"><strong>Upravni odbor<\/strong><\/h4>\n\n\n\n<ul class=\"wp-block-list\">\n<li class=\"has-highlight-color has-text-color has-link-color wp-elements-3840402f891fc59c2f9698031bd5593a\">predsednik Upravnog odbora: ;<\/li>\n\n\n\n<li class=\"has-highlight-color has-text-color has-link-color wp-elements-3047f8bec416f72a6f9c06b3d91cdce5\">\u010dlanovi: .<\/li>\n<\/ul>\n<\/div>\n\n\n\n<div class=\"wp-block-group has-global-padding is-layout-constrained wp-block-group-is-layout-constrained\">\n<h4 class=\"wp-block-heading has-neutral-color has-text-color has-link-color wp-elements-230ff2c4f845602434509bf4ed82e49c\"><strong>Nadzorni odbor<\/strong><\/h4>\n\n\n\n<ul class=\"wp-block-list\">\n<li class=\"has-highlight-color has-text-color has-link-color wp-elements-295b19cfb73ee8dd5576fd8d26a30bbe\">predsednik: ;<\/li>\n\n\n\n<li class=\"has-highlight-color has-text-color has-link-color wp-elements-3047f8bec416f72a6f9c06b3d91cdce5\">\u010dlanovi: .<\/li>\n<\/ul>\n<\/div>\n\n\n\n<h4 class=\"wp-block-heading has-neutral-color has-text-color has-link-color wp-elements-8f12d70b81f8c3508a9198055abe7448\">Eti\u010dki odbor<\/h4>\n\n\n\n<p>Stru\u010dni savet \u2013 7 \u010dlanova iz svake organizacione jedinice:<\/p>\n\n\n\n<ul class=\"wp-block-list\">\n<li class=\"has-highlight-color has-text-color has-link-color wp-elements-1c4d25d9dba43cfe19187754621c8332\">dr Ana Slijep\u010devi\u0107, spec. urgentne medicine &#8211; Slu\u017eba op\u0161te medicine sa hitnom medicinskom pomo\u0107i i ku\u0107nim le\u010denjem &#8211; odeljenje hitne medicinske pomo\u0107i;<\/li>\n\n\n\n<li class=\"has-highlight-color has-text-color has-link-color wp-elements-cc03a6207dddffe3c362da16a2c8793e\">dr Vasilije Li\u010danin, spec. pneumoftiziologije &#8211; Slu\u017eba za fizikalnu medicinu i rehabilitaciju i specijalisti\u010dko konsultativnu delatnost &#8211;&nbsp; odeljenje pneumoftiziolo\u0161ke za\u0161tite;<\/li>\n\n\n\n<li class=\"has-highlight-color has-text-color has-link-color wp-elements-475006cc5ff37a7da45159e212c467e6\">dr Silvija Radovanovi\u0107 Ugarak, spec. radiologije &#8211;&nbsp;Slu\u017eba za fizikalnu medicinu i rehabilitaciju i specijalisti\u010dko konsultativnu delatnost &#8211;&nbsp; odeljenje radiolo\u0161ke dijagnostike;<\/li>\n\n\n\n<li class=\"has-highlight-color has-text-color has-link-color wp-elements-ef35a4091076a5171097c383ae8aad8d\">dr Rajka Svir\u010devi\u0107, spec. pedijatrije &#8211; Slu\u017eba za zdravstvenu za\u0161titu dece i \u017eena sa polivalentnom patrona\u017eom &#8211; odeljenje za zdravstvenu za\u0161titu dece;<\/li>\n\n\n\n<li class=\"has-highlight-color has-text-color has-link-color wp-elements-c5f58577ea1446a9fd0fd621fe34f67a\">dr Ru\u017eica Nedi\u0107, doktor medicine &#8211; Slu\u017eba op\u0161te medicine sa HMP i ku\u0107nim le\u010denjem &#8211; odeljenje op\u0161te medicine sa ku\u0107nim le\u010denjem;<\/li>\n\n\n\n<li class=\"has-highlight-color has-text-color has-link-color wp-elements-23f9a3205a430c823ef113afa0ebb195\">dr Anamarija \u0160trbac, spec. preventivne i de\u010dije stomatologije &#8211; Slu\u017eba stomatolo\u0161ke zdravstvene za\u0161tite;<\/li>\n\n\n\n<li class=\"has-highlight-color has-text-color has-link-color wp-elements-d621fca84c5866a676d33771ceb50c66\">Jasmina \u0160u\u0161njar, medicinski biohemi\u010dar &#8211; Slu\u017eba za laboratorijsku dijagnostiku.<\/li>\n<\/ul>\n\n\n\n<h4 class=\"wp-block-heading has-neutral-color has-text-color has-link-color wp-elements-4348d49f5586adac043f5d90c14406c7\">Komisija za unapre\u0111enje kvaliteta rada:<\/h4>\n\n\n\n<ul class=\"wp-block-list\">\n<li class=\"has-highlight-color has-text-color has-link-color wp-elements-dbefb73ac13bd2f566884d6d0069c4ff\">predsednik: Ana Slijep\u010devi\u0107;<\/li>\n\n\n\n<li class=\"has-highlight-color has-text-color has-link-color wp-elements-3fe2d3dbeb03c81724394c73c8003b36\">\u010dlanovi: Silvija Radovanovi\u0107 Ugarak, Anamarija \u0160trbac i Jasmina \u0160u\u0161njar.<\/li>\n<\/ul>\n<\/div>\n","protected":false},"excerpt":{"rendered":"<p>RUKOVODSTVO DOMA ZDRAVLJA V. d. direktora: Milo\u0161 Mati\u0107, dipl. pravnik Na\u010delnik slu\u017ebe op\u0161te medicine sa HMP i ku\u0107nim le\u010denjem: dr Goran D\u017eapo, spec. urgentne medicine Rukovodilac odeljenja hitne medicinske pomo\u0107i: dr Ana&nbsp;Slijep\u010devi\u0107, spec. urgentne medicine Na\u010delnik slu\u017ebe za zdravstvenu za\u0161titu dece i \u017eena sa polivalentnom patrona\u017eom: dr Rajka Svir\u010devi\u0107, spec. pedijatrije Na\u010delnik specijalisti\u010dko-konsultativne i dijagnosti\u010dne [&hellip;]<\/p>\n","protected":false},"author":1,"featured_media":0,"parent":0,"menu_order":0,"comment_status":"closed","ping_status":"closed","template":"","meta":{"footnotes":""},"class_list":["post-139","page","type-page","status-publish","hentry"],"_links":{"self":[{"href":"https:\/\/dzbeocin.rs\/index.php?rest_route=\/wp\/v2\/pages\/139","targetHints":{"allow":["GET"]}}],"collection":[{"href":"https:\/\/dzbeocin.rs\/index.php?rest_route=\/wp\/v2\/pages"}],"about":[{"href":"https:\/\/dzbeocin.rs\/index.php?rest_route=\/wp\/v2\/types\/page"}],"author":[{"embeddable":true,"href":"https:\/\/dzbeocin.rs\/index.php?rest_route=\/wp\/v2\/users\/1"}],"replies":[{"embeddable":true,"href":"https:\/\/dzbeocin.rs\/index.php?rest_route=%2Fwp%2Fv2%2Fcomments&post=139"}],"version-history":[{"count":2,"href":"https:\/\/dzbeocin.rs\/index.php?rest_route=\/wp\/v2\/pages\/139\/revisions"}],"predecessor-version":[{"id":148,"href":"https:\/\/dzbeocin.rs\/index.php?rest_route=\/wp\/v2\/pages\/139\/revisions\/148"}],"wp:attachment":[{"href":"https:\/\/dzbeocin.rs\/index.php?rest_route=%2Fwp%2Fv2%2Fmedia&parent=139"}],"curies":[{"name":"wp","href":"https:\/\/api.w.org\/{rel}","templated":true}]}}