{"id":149,"date":"2026-03-27T15:09:12","date_gmt":"2026-03-27T15:09:12","guid":{"rendered":"https:\/\/dzbeocin.rs\/?page_id=149"},"modified":"2026-03-27T15:10:15","modified_gmt":"2026-03-27T15:10:15","slug":"organizaciona-struktura","status":"publish","type":"page","link":"https:\/\/dzbeocin.rs\/?page_id=149","title":{"rendered":"ORGANIZACIONA STRUKTURA"},"content":{"rendered":"\n<div class=\"wp-block-group has-global-padding is-layout-constrained wp-container-core-group-is-layout-9a4c8acf wp-block-group-is-layout-constrained\" style=\"padding-top:var(--wp--preset--spacing--small);padding-right:var(--wp--preset--spacing--small);padding-bottom:var(--wp--preset--spacing--small);padding-left:var(--wp--preset--spacing--small)\">\n<h6 class=\"wp-block-heading has-secondary-color has-text-color has-link-color wp-elements-ac4d686421843305245bbf2a2aef4969\">U cilju efikasnijeg i racionalnijeg obavljanja delatnosti i kontrole stru\u010dnog rada u Domu zdravlja se funkcionalnom principu, a u skladu sa Pravilnikom o uslovima i na\u010dinu unutra\u0161nje organizacije zdravstvenih ustanova (Sl. Glasnik RS br. 43\/2006) i Statuta Doma zdravlja obrazuju slede\u0107e organizacione jedinice:<\/h6>\n<\/div>\n\n\n\n<div class=\"wp-block-group is-style-bk-box-shadow-large has-global-padding is-layout-constrained wp-container-core-group-is-layout-9a4c8acf wp-block-group-is-layout-constrained\" style=\"padding-top:var(--wp--preset--spacing--small);padding-right:var(--wp--preset--spacing--small);padding-bottom:var(--wp--preset--spacing--small);padding-left:var(--wp--preset--spacing--small)\">\n<h4 class=\"wp-block-heading has-secondary-color has-text-color has-link-color wp-elements-d1ace4f480dbcc79094877172eec00d5\"><strong>Slu\u017eba za zdravstvenu za\u0161titu dece i \u017eena sa polivalentnom patrona\u017eom<\/strong><\/h4>\n\n\n\n<h5 class=\"wp-block-heading has-secondary-color has-text-color has-link-color wp-elements-7e43bf86e800efd73533231c3a3f08ab\">Odeljenje za zdravstvenu za\u0161titu dece<\/h5>\n\n\n\n<h5 class=\"wp-block-heading has-secondary-color has-text-color has-link-color wp-elements-884a001f2d833269866b0a8503401046\">Odeljenje za zdravstvenu za\u0161titu \u017eena<\/h5>\n\n\n\n<h5 class=\"wp-block-heading has-secondary-color has-text-color has-link-color wp-elements-b860ad3c203e0b8a0c89d439f251d6e6\">Odeljenje za polivalentnu patrona\u017eu<\/h5>\n<\/div>\n\n\n\n<div class=\"wp-block-group is-style-bk-box-shadow-large has-global-padding is-layout-constrained wp-container-core-group-is-layout-9a4c8acf wp-block-group-is-layout-constrained\" style=\"padding-top:var(--wp--preset--spacing--small);padding-right:var(--wp--preset--spacing--small);padding-bottom:var(--wp--preset--spacing--small);padding-left:var(--wp--preset--spacing--small)\">\n<h4 class=\"wp-block-heading has-secondary-color has-text-color has-link-color wp-elements-fc003077a2eb020ed581dc30219e2712\"><strong>Slu\u017eba op\u0161te medicine, sa hitnom medicinskom pomo\u0107i i ku\u0107nim le\u010denjem<\/strong><\/h4>\n\n\n\n<h5 class=\"wp-block-heading has-secondary-color has-text-color has-link-color wp-elements-12b3988c456a3f5837614ff495403287\">Odeljenje op\u0161te medicine sa ku\u0107nim le\u010denjem<\/h5>\n\n\n\n<h5 class=\"wp-block-heading has-secondary-color has-text-color has-link-color wp-elements-9c00fbf8f7212b4ef37673f3398ee814\">Odeljenje hitne medicinske pomo\u0107i<\/h5>\n<\/div>\n\n\n\n<div class=\"wp-block-group is-style-bk-box-shadow-large has-global-padding is-layout-constrained wp-container-core-group-is-layout-9a4c8acf wp-block-group-is-layout-constrained\" style=\"padding-top:var(--wp--preset--spacing--small);padding-right:var(--wp--preset--spacing--small);padding-bottom:var(--wp--preset--spacing--small);padding-left:var(--wp--preset--spacing--small)\">\n<h4 class=\"wp-block-heading has-secondary-color has-text-color has-link-color wp-elements-6f767a77a9fffdb738f04be5dc9dbe82\"><strong>Slu\u017eba stomatolo\u0161ke zdravstvene za\u0161tite<\/strong><\/h4>\n\n\n\n<h5 class=\"wp-block-heading has-secondary-color has-text-color has-link-color wp-elements-2b597b1aa966b71dd17682d0b91c6b4d\">Dve Ambulante op\u0161te stomatologije u Beo\u010dinu<\/h5>\n\n\n\n<h5 class=\"wp-block-heading has-secondary-color has-text-color has-link-color wp-elements-8eddeab1003f7f61fdcb11dcef9e069a\">Zubna tehnika u Beo\u010dinu<\/h5>\n\n\n\n<h5 class=\"wp-block-heading has-secondary-color has-text-color has-link-color wp-elements-de2695e90b9460a2bb334fe96ce1e252\">Ambulanta de\u010dije stomatologije u Osnovnoj \u0161koli \u201eJovan Gr\u010di\u0107 &#8211; Milenko\u201c Beo\u010din<\/h5>\n<\/div>\n\n\n\n<div class=\"wp-block-group is-style-bk-box-shadow-large has-global-padding is-layout-constrained wp-container-core-group-is-layout-9a4c8acf wp-block-group-is-layout-constrained\" style=\"padding-top:var(--wp--preset--spacing--small);padding-right:var(--wp--preset--spacing--small);padding-bottom:var(--wp--preset--spacing--small);padding-left:var(--wp--preset--spacing--small)\">\n<h4 class=\"wp-block-heading has-secondary-color has-text-color has-link-color wp-elements-173cc2acdb604f4a2896e4fd5b82c9fa\">Slu\u017eba za laboratorijsku dijagnostiku<\/h4>\n\n\n\n<h5 class=\"wp-block-heading has-secondary-color has-text-color has-link-color wp-elements-4feb6792b52e1b943776dd53ce70aa82\">Slu\u017eba laboratorijske dijagnostike svoju delatnost obavlja u sedi\u0161tu Doma zdravlja u Beo\u010dinu<\/h5>\n<\/div>\n\n\n\n<div class=\"wp-block-group is-style-bk-box-shadow-large has-global-padding is-layout-constrained wp-container-core-group-is-layout-9a4c8acf wp-block-group-is-layout-constrained\" style=\"padding-top:var(--wp--preset--spacing--small);padding-right:var(--wp--preset--spacing--small);padding-bottom:var(--wp--preset--spacing--small);padding-left:var(--wp--preset--spacing--small)\">\n<h4 class=\"wp-block-heading has-secondary-color has-text-color has-link-color wp-elements-04730293dee35d7506ab146c4474b74c\">Slu\u017eba za fizikalnu medicinu i rehabilitaciju i specijalisti\u010dko konsultativnu delatnost<\/h4>\n\n\n\n<h5 class=\"wp-block-heading has-secondary-color has-text-color has-link-color wp-elements-c599803e842699feee89eef1424c3eae\">Odeljenje fizikalne medicine i rehabilitacije<\/h5>\n\n\n\n<h5 class=\"wp-block-heading has-secondary-color has-text-color has-link-color wp-elements-41964bd353d5ba8f6d68d9953bfbe23c\">Odeljenje radiolo\u0161ke dijagnostike<\/h5>\n\n\n\n<h5 class=\"wp-block-heading has-secondary-color has-text-color has-link-color wp-elements-4fd8f6f49c7b92e0a737a4614f786e6e\">Odeljenje pnuemoftiziolo\u0161ke za\u0161tite<\/h5>\n\n\n\n<h5 class=\"wp-block-heading has-secondary-color has-text-color has-link-color wp-elements-59f93c0f9550a94ee99c8e6c11cbbc76\">Odeljenje interne medicine<\/h5>\n<\/div>\n\n\n\n<div class=\"wp-block-group is-style-bk-box-shadow-large has-global-padding is-layout-constrained wp-container-core-group-is-layout-9a4c8acf wp-block-group-is-layout-constrained\" style=\"padding-top:var(--wp--preset--spacing--small);padding-right:var(--wp--preset--spacing--small);padding-bottom:var(--wp--preset--spacing--small);padding-left:var(--wp--preset--spacing--small)\">\n<h4 class=\"wp-block-heading has-secondary-color has-text-color has-link-color wp-elements-2d4bd5f1269bd3618417bf1689d4859e\">Slu\u017eba za pravne, ekonomske, finansijske, tehni\u010dke i druge poslove<\/h4>\n\n\n\n<h5 class=\"wp-block-heading has-secondary-color has-text-color has-link-color wp-elements-61b48b3bbf28e73b7a51e5a446dd6348\">Odeljenje za pravne i ekonomsko finansijske poslove<\/h5>\n\n\n\n<h5 class=\"wp-block-heading has-secondary-color has-text-color has-link-color wp-elements-c51ea6b83edd122e582f263c05b418ef\">Odeljenje za poslove transporta, tehni\u010dkog odr\u017eavanja i odr\u017eavanja higijene<\/h5>\n\n\n\n<p><\/p>\n<\/div>\n","protected":false},"excerpt":{"rendered":"<p>U cilju efikasnijeg i racionalnijeg obavljanja delatnosti i kontrole stru\u010dnog rada u Domu zdravlja se funkcionalnom principu, a u skladu sa Pravilnikom o uslovima i na\u010dinu unutra\u0161nje organizacije zdravstvenih ustanova (Sl. Glasnik RS br. 43\/2006) i Statuta Doma zdravlja obrazuju slede\u0107e organizacione jedinice: Slu\u017eba za zdravstvenu za\u0161titu dece i \u017eena sa polivalentnom patrona\u017eom Odeljenje za [&hellip;]<\/p>\n","protected":false},"author":1,"featured_media":0,"parent":0,"menu_order":0,"comment_status":"closed","ping_status":"closed","template":"","meta":{"footnotes":""},"class_list":["post-149","page","type-page","status-publish","hentry"],"_links":{"self":[{"href":"https:\/\/dzbeocin.rs\/index.php?rest_route=\/wp\/v2\/pages\/149","targetHints":{"allow":["GET"]}}],"collection":[{"href":"https:\/\/dzbeocin.rs\/index.php?rest_route=\/wp\/v2\/pages"}],"about":[{"href":"https:\/\/dzbeocin.rs\/index.php?rest_route=\/wp\/v2\/types\/page"}],"author":[{"embeddable":true,"href":"https:\/\/dzbeocin.rs\/index.php?rest_route=\/wp\/v2\/users\/1"}],"replies":[{"embeddable":true,"href":"https:\/\/dzbeocin.rs\/index.php?rest_route=%2Fwp%2Fv2%2Fcomments&post=149"}],"version-history":[{"count":2,"href":"https:\/\/dzbeocin.rs\/index.php?rest_route=\/wp\/v2\/pages\/149\/revisions"}],"predecessor-version":[{"id":152,"href":"https:\/\/dzbeocin.rs\/index.php?rest_route=\/wp\/v2\/pages\/149\/revisions\/152"}],"wp:attachment":[{"href":"https:\/\/dzbeocin.rs\/index.php?rest_route=%2Fwp%2Fv2%2Fmedia&parent=149"}],"curies":[{"name":"wp","href":"https:\/\/api.w.org\/{rel}","templated":true}]}}