{"id":155,"date":"2026-03-27T16:01:37","date_gmt":"2026-03-27T16:01:37","guid":{"rendered":"https:\/\/dzbeocin.rs\/?page_id=155"},"modified":"2026-03-30T09:05:43","modified_gmt":"2026-03-30T09:05:43","slug":"terenske-ambulante","status":"publish","type":"page","link":"https:\/\/dzbeocin.rs\/?page_id=155","title":{"rendered":"TERENSKE AMBULANTE"},"content":{"rendered":"\n<div class=\"wp-block-group is-style-bk-box-shadow-large has-global-padding is-layout-constrained wp-container-core-group-is-layout-9a4c8acf wp-block-group-is-layout-constrained\" style=\"padding-top:var(--wp--preset--spacing--small);padding-right:var(--wp--preset--spacing--small);padding-bottom:var(--wp--preset--spacing--small);padding-left:var(--wp--preset--spacing--small)\">\n<h4 class=\"wp-block-heading has-secondary-color has-text-color has-link-color wp-elements-d52703a50bfc7f52540675f83463a3cf\"><strong>Ambulanta de\u010dije stomatologije u Osnovnoj \u0161koli<\/strong><\/h4>\n\n\n\n<h5 class=\"wp-block-heading has-secondary-color has-text-color has-link-color wp-elements-a159cd958eb3ed5160ac72e10cd02223\">Ul. Milo\u0161a Crnjanskog bb, 21300 Beo\u010din<\/h5>\n\n\n\n<h5 class=\"wp-block-heading has-secondary-color has-text-color has-link-color wp-elements-bcbf21a0269f0a987c3d4a5a27d23a7f\">021 2973 134<\/h5>\n\n\n\n<h5 class=\"wp-block-heading has-secondary-color has-text-color has-link-color wp-elements-da04771c5e2c0b2b51409e538bbe3688\">TRENUTNO NE RADI<\/h5>\n<\/div>\n\n\n\n<div class=\"wp-block-group is-style-bk-box-shadow-large has-global-padding is-layout-constrained wp-container-core-group-is-layout-9a4c8acf wp-block-group-is-layout-constrained\" style=\"padding-top:var(--wp--preset--spacing--small);padding-right:var(--wp--preset--spacing--small);padding-bottom:var(--wp--preset--spacing--small);padding-left:var(--wp--preset--spacing--small)\">\n<h4 class=\"wp-block-heading has-secondary-color has-text-color has-link-color wp-elements-c41c08232ae406f716209e5225600175\"><strong>Ambulanta <strong>Lafarge<\/strong><\/strong><\/h4>\n\n\n\n<div class=\"wp-block-group is-nowrap is-layout-flex wp-container-core-group-is-layout-d1f74984 wp-block-group-is-layout-flex\" style=\"padding-right:0;padding-left:0\">\n<div class=\"wp-block-group has-global-padding is-layout-constrained wp-block-group-is-layout-constrained\">\n<h5 class=\"wp-block-heading has-secondary-color has-text-color has-link-color wp-elements-c957a33447b1e6b4a2d283ae5b8cfbcb\">Ul. Trg Cementa\u0161a br. 1, 21300 Beo\u010din<\/h5>\n\n\n\n<h5 class=\"wp-block-heading has-secondary-color has-text-color has-link-color wp-elements-1648e2596c0678dee1e838c28758751c\"><strong>Op\u0161ta medicina<\/strong><\/h5>\n\n\n\n<h5 class=\"wp-block-heading has-secondary-color has-text-color has-link-color wp-elements-efd07fb5df5e8f457aff44c59311fce9\">021 874 210; 021 874 310<\/h5>\n\n\n\n<h6 class=\"wp-block-heading has-secondary-color has-text-color has-link-color wp-elements-2c1d8bb5ad70e8fbb9b042dfff648516\">Radno vreme radnim danima 07 &#8211; 15 h<\/h6>\n\n\n\n<h5 class=\"wp-block-heading has-secondary-color has-text-color has-link-color wp-elements-02cc51a42e4e46efc88545d1907888c2\"><strong>Fizikalna medicina i rehabilitacija<\/strong><\/h5>\n\n\n\n<h6 class=\"wp-block-heading has-secondary-color has-text-color has-link-color wp-elements-2c1d8bb5ad70e8fbb9b042dfff648516\">Radno vreme radnim danima 07 &#8211; 15 h<\/h6>\n\n\n\n<h5 class=\"wp-block-heading has-secondary-color has-text-color has-link-color wp-elements-53c22b2f1b3c79f688009350ea46ddfe\">021 874 522<\/h5>\n<\/div>\n\n\n\n<div class=\"wp-block-group has-global-padding is-layout-constrained wp-container-core-group-is-layout-9bb21028 wp-block-group-is-layout-constrained\" style=\"padding-right:var(--wp--preset--spacing--large);padding-left:var(--wp--preset--spacing--large)\">\n<h5 class=\"wp-block-heading\"><strong>Lekarski tim<\/strong><\/h5>\n\n\n\n<h6 class=\"wp-block-heading\">doktor medicine &#8211; izabrani lekar<\/h6>\n\n\n\n<h6 class=\"wp-block-heading\">Momirka Peji\u0107, medicinska sestra &#8211; tehni\u010dar<\/h6>\n\n\n\n<div style=\"height:28px\" aria-hidden=\"true\" class=\"wp-block-spacer\"><\/div>\n\n\n\n<h6 class=\"wp-block-heading\">Sne\u017eana Lazi\u0107, vi\u0161i fizioterapeut<\/h6>\n\n\n\n<h6 class=\"wp-block-heading\">Sofija Api\u0107, fizioterapeutski tehni\u010dar<\/h6>\n\n\n\n<h6 class=\"wp-block-heading\">Alja D\u017euni\u0107, fizioterapeut<\/h6>\n<\/div>\n<\/div>\n<\/div>\n\n\n\n<div class=\"wp-block-group is-style-bk-box-shadow-large has-global-padding is-layout-constrained wp-container-core-group-is-layout-9a4c8acf wp-block-group-is-layout-constrained\" style=\"padding-top:var(--wp--preset--spacing--small);padding-right:var(--wp--preset--spacing--small);padding-bottom:var(--wp--preset--spacing--small);padding-left:var(--wp--preset--spacing--small)\">\n<h4 class=\"wp-block-heading has-secondary-color has-text-color has-link-color wp-elements-309266f7c873eabc0f57b42b251fe5b8\"><strong>Ambulanta Rakovac<\/strong><\/h4>\n\n\n\n<div class=\"wp-block-group is-nowrap is-layout-flex wp-container-core-group-is-layout-d1f74984 wp-block-group-is-layout-flex\" style=\"padding-right:0;padding-left:0\">\n<div class=\"wp-block-group has-global-padding is-layout-constrained wp-block-group-is-layout-constrained\">\n<h5 class=\"wp-block-heading has-secondary-color has-text-color has-link-color wp-elements-b219e207e1c91029c1db4c62e05c4129\">Ul. Partizanska br. 1, 21299 Rakovac<\/h5>\n\n\n\n<h5 class=\"wp-block-heading has-secondary-color has-text-color has-link-color wp-elements-7a0601c9360f88bd5f1ff95e1802a339\">021 6275 511<\/h5>\n\n\n\n<h6 class=\"wp-block-heading has-secondary-color has-text-color has-link-color wp-elements-2c1d8bb5ad70e8fbb9b042dfff648516\">Radno vreme radnim danima 07 &#8211; 15 h<\/h6>\n<\/div>\n\n\n\n<div class=\"wp-block-group has-global-padding is-layout-constrained wp-container-core-group-is-layout-9bb21028 wp-block-group-is-layout-constrained\" style=\"padding-right:var(--wp--preset--spacing--large);padding-left:var(--wp--preset--spacing--large)\">\n<h5 class=\"wp-block-heading\"><strong>Lekarski tim<\/strong><\/h5>\n\n\n\n<h6 class=\"wp-block-heading\">dr Jovana Miki\u0107 Rajkovi\u0107, doktor medicine &#8211; izabrani lekar<\/h6>\n\n\n\n<h6 class=\"wp-block-heading\">Marija Habor, medicinska sestra &#8211; tehni\u010dar <\/h6>\n<\/div>\n<\/div>\n<\/div>\n\n\n\n<div class=\"wp-block-group is-style-bk-box-shadow-large has-global-padding is-layout-constrained wp-container-core-group-is-layout-9a4c8acf wp-block-group-is-layout-constrained\" style=\"padding-top:var(--wp--preset--spacing--small);padding-right:var(--wp--preset--spacing--small);padding-bottom:var(--wp--preset--spacing--small);padding-left:var(--wp--preset--spacing--small)\">\n<h4 class=\"wp-block-heading has-secondary-color has-text-color has-link-color wp-elements-6bf2483a683d624af3bc4d33cbe87232\"><strong>Ambulanta \u010cerevi\u0107<\/strong><\/h4>\n\n\n\n<div class=\"wp-block-group is-nowrap is-layout-flex wp-container-core-group-is-layout-d1f74984 wp-block-group-is-layout-flex\" style=\"padding-right:0;padding-left:0\">\n<div class=\"wp-block-group has-global-padding is-layout-constrained wp-block-group-is-layout-constrained\">\n<h5 class=\"wp-block-heading has-secondary-color has-text-color has-link-color wp-elements-3bef011621f668fa0c54e954813e7999\">Ul. Petra Kosti\u0107a br. 1, 21311 \u010cerevi\u0107<\/h5>\n\n\n\n<h5 class=\"wp-block-heading has-secondary-color has-text-color has-link-color wp-elements-8f2f3c2b34271debab7ae6e162cd31a4\">021 2976 001<\/h5>\n\n\n\n<h6 class=\"wp-block-heading has-secondary-color has-text-color has-link-color wp-elements-2c1d8bb5ad70e8fbb9b042dfff648516\">Radno vreme radnim danima 07 &#8211; 15 h<\/h6>\n<\/div>\n\n\n\n<div class=\"wp-block-group has-global-padding is-layout-constrained wp-container-core-group-is-layout-9bb21028 wp-block-group-is-layout-constrained\" style=\"padding-right:var(--wp--preset--spacing--large);padding-left:var(--wp--preset--spacing--large)\">\n<h5 class=\"wp-block-heading\"><strong>Lekarski tim<\/strong><\/h5>\n\n\n\n<h6 class=\"wp-block-heading\">dr Ana Alagi\u0107 Ga\u0107e\u0161a, doktor medicine &#8211; izabrani lekar<\/h6>\n\n\n\n<h6 class=\"wp-block-heading\">Miroslava Nik\u0161i\u0107, medicinska sestra &#8211; tehni\u010dar<\/h6>\n<\/div>\n<\/div>\n<\/div>\n\n\n\n<div class=\"wp-block-group is-style-bk-box-shadow-large has-global-padding is-layout-constrained wp-container-core-group-is-layout-9a4c8acf wp-block-group-is-layout-constrained\" style=\"padding-top:var(--wp--preset--spacing--small);padding-right:var(--wp--preset--spacing--small);padding-bottom:var(--wp--preset--spacing--small);padding-left:var(--wp--preset--spacing--small)\">\n<h4 class=\"wp-block-heading has-secondary-color has-text-color has-link-color wp-elements-10d2f4bcece5f114bcb710bd47d81bf5\"><strong>Ambulanta Bano\u0161tor<\/strong><\/h4>\n\n\n\n<div class=\"wp-block-group is-nowrap is-layout-flex wp-container-core-group-is-layout-d1f74984 wp-block-group-is-layout-flex\" style=\"padding-right:0;padding-left:0\">\n<div class=\"wp-block-group has-global-padding is-layout-constrained wp-block-group-is-layout-constrained\">\n<h5 class=\"wp-block-heading has-secondary-color has-text-color has-link-color wp-elements-e7e0bcf7f411b4a87d040079a39b7bda\">Ul. S. Markovi\u0107a bb, 21312 Bano\u0161tor<\/h5>\n\n\n\n<h5 class=\"wp-block-heading has-secondary-color has-text-color has-link-color wp-elements-99a829429a7d3d7524cbeefcfeaeb60d\">021 2979 025<\/h5>\n\n\n\n<h6 class=\"wp-block-heading has-secondary-color has-text-color has-link-color wp-elements-2c1d8bb5ad70e8fbb9b042dfff648516\">Radno vreme radnim danima 07 &#8211; 15 h<\/h6>\n<\/div>\n\n\n\n<div class=\"wp-block-group has-global-padding is-layout-constrained wp-container-core-group-is-layout-9bb21028 wp-block-group-is-layout-constrained\" style=\"padding-right:var(--wp--preset--spacing--large);padding-left:var(--wp--preset--spacing--large)\">\n<h5 class=\"wp-block-heading\"><strong>Lekarski tim<\/strong><\/h5>\n\n\n\n<h6 class=\"wp-block-heading\">doktor medicine &#8211; izabrani lekar<\/h6>\n\n\n\n<h6 class=\"wp-block-heading\">Biljana Nikol\u010di\u0107, medicinska sestra &#8211; tehni\u010dar<\/h6>\n<\/div>\n<\/div>\n<\/div>\n\n\n\n<div class=\"wp-block-group is-style-bk-box-shadow-large has-global-padding is-layout-constrained wp-container-core-group-is-layout-9a4c8acf wp-block-group-is-layout-constrained\" style=\"padding-top:var(--wp--preset--spacing--small);padding-right:var(--wp--preset--spacing--small);padding-bottom:var(--wp--preset--spacing--small);padding-left:var(--wp--preset--spacing--small)\">\n<h4 class=\"wp-block-heading has-secondary-color has-text-color has-link-color wp-elements-059072778b69cade7ef3b56de464d0dc\"><strong>Ambulanta Susek<\/strong><\/h4>\n\n\n\n<div class=\"wp-block-group is-nowrap is-layout-flex wp-container-core-group-is-layout-d1f74984 wp-block-group-is-layout-flex\" style=\"padding-right:0;padding-left:0\">\n<div class=\"wp-block-group has-global-padding is-layout-constrained wp-block-group-is-layout-constrained\">\n<h5 class=\"wp-block-heading has-secondary-color has-text-color has-link-color wp-elements-8ba18a644d53e3425b131cce8c368086\">Ul. Nikole Tesle br. 75, 21313 Susek<\/h5>\n\n\n\n<h5 class=\"wp-block-heading has-secondary-color has-text-color has-link-color wp-elements-18281256a8b90c80be2b8dcc348999a8\">021 2978 023<\/h5>\n\n\n\n<h6 class=\"wp-block-heading has-secondary-color has-text-color has-link-color wp-elements-e6f20ffabc09f15f63d03d2462817ed9\">Radno vreme radnim danima 10:30 &#8211; 15 h<\/h6>\n<\/div>\n\n\n\n<div class=\"wp-block-group has-global-padding is-layout-constrained wp-container-core-group-is-layout-9bb21028 wp-block-group-is-layout-constrained\" style=\"padding-right:var(--wp--preset--spacing--large);padding-left:var(--wp--preset--spacing--large)\">\n<h5 class=\"wp-block-heading\"><strong>Lekarski tim<\/strong><\/h5>\n\n\n\n<h6 class=\"wp-block-heading\">dr Gordan Beni\u0107, doktor medicine &#8211; izabrani lekar<\/h6>\n\n\n\n<h6 class=\"wp-block-heading\">Marijana Mihajlovi\u0107, medicinska sestra &#8211; tehni\u010dar<\/h6>\n<\/div>\n<\/div>\n<\/div>\n\n\n\n<div class=\"wp-block-group is-style-bk-box-shadow-large has-global-padding is-layout-constrained wp-container-core-group-is-layout-9a4c8acf wp-block-group-is-layout-constrained\" style=\"padding-top:var(--wp--preset--spacing--small);padding-right:var(--wp--preset--spacing--small);padding-bottom:var(--wp--preset--spacing--small);padding-left:var(--wp--preset--spacing--small)\">\n<h4 class=\"wp-block-heading has-secondary-color has-text-color has-link-color wp-elements-4394c94dd68156601eab22fa1847739e\"><strong>Ambulanta Lug<\/strong><\/h4>\n\n\n\n<div class=\"wp-block-group is-nowrap is-layout-flex wp-container-core-group-is-layout-d1f74984 wp-block-group-is-layout-flex\" style=\"padding-right:0;padding-left:0\">\n<div class=\"wp-block-group has-global-padding is-layout-constrained wp-block-group-is-layout-constrained\">\n<h5 class=\"wp-block-heading has-secondary-color has-text-color has-link-color wp-elements-6b725b060ef25bc09f755fc60d0b193d\">Ul. Mar\u0161ala Tita bb, 21315 Lug<\/h5>\n\n\n\n<h5 class=\"wp-block-heading has-secondary-color has-text-color has-link-color wp-elements-c27b60dcf316bfe76309c0dd4c489d75\">021 6268 630<\/h5>\n\n\n\n<h6 class=\"wp-block-heading has-secondary-color has-text-color has-link-color wp-elements-978709fc20a5083722dcab2259eaf024\">Radno vreme radnim danima 07 &#8211; 10 h<\/h6>\n<\/div>\n\n\n\n<div class=\"wp-block-group has-global-padding is-layout-constrained wp-container-core-group-is-layout-9bb21028 wp-block-group-is-layout-constrained\" style=\"padding-right:var(--wp--preset--spacing--large);padding-left:var(--wp--preset--spacing--large)\">\n<h5 class=\"wp-block-heading\"><strong>Lekarski tim<\/strong><\/h5>\n\n\n\n<h6 class=\"wp-block-heading\">dr Gordan Beni\u0107, doktor medicine &#8211; izabrani lekar<\/h6>\n\n\n\n<h6 class=\"wp-block-heading\">Marijana Mihajlovi\u0107, medicinska sestra &#8211; tehni\u010dar<\/h6>\n<\/div>\n<\/div>\n<\/div>\n\n\n\n<p><\/p>\n","protected":false},"excerpt":{"rendered":"<p>Ambulanta de\u010dije stomatologije u Osnovnoj \u0161koli Ul. Milo\u0161a Crnjanskog bb, 21300 Beo\u010din 021 2973 134 TRENUTNO NE RADI Ambulanta Lafarge Ul. Trg Cementa\u0161a br. 1, 21300 Beo\u010din Op\u0161ta medicina 021 874 210; 021 874 310 Radno vreme radnim danima 07 &#8211; 15 h Fizikalna medicina i rehabilitacija Radno vreme radnim danima 07 &#8211; 15 h [&hellip;]<\/p>\n","protected":false},"author":1,"featured_media":0,"parent":0,"menu_order":0,"comment_status":"closed","ping_status":"closed","template":"","meta":{"footnotes":""},"class_list":["post-155","page","type-page","status-publish","hentry"],"_links":{"self":[{"href":"https:\/\/dzbeocin.rs\/index.php?rest_route=\/wp\/v2\/pages\/155","targetHints":{"allow":["GET"]}}],"collection":[{"href":"https:\/\/dzbeocin.rs\/index.php?rest_route=\/wp\/v2\/pages"}],"about":[{"href":"https:\/\/dzbeocin.rs\/index.php?rest_route=\/wp\/v2\/types\/page"}],"author":[{"embeddable":true,"href":"https:\/\/dzbeocin.rs\/index.php?rest_route=\/wp\/v2\/users\/1"}],"replies":[{"embeddable":true,"href":"https:\/\/dzbeocin.rs\/index.php?rest_route=%2Fwp%2Fv2%2Fcomments&post=155"}],"version-history":[{"count":6,"href":"https:\/\/dzbeocin.rs\/index.php?rest_route=\/wp\/v2\/pages\/155\/revisions"}],"predecessor-version":[{"id":187,"href":"https:\/\/dzbeocin.rs\/index.php?rest_route=\/wp\/v2\/pages\/155\/revisions\/187"}],"wp:attachment":[{"href":"https:\/\/dzbeocin.rs\/index.php?rest_route=%2Fwp%2Fv2%2Fmedia&parent=155"}],"curies":[{"name":"wp","href":"https:\/\/api.w.org\/{rel}","templated":true}]}}