{"id":169,"date":"2026-03-27T17:46:11","date_gmt":"2026-03-27T17:46:11","guid":{"rendered":"https:\/\/dzbeocin.rs\/?page_id=169"},"modified":"2026-03-27T17:46:11","modified_gmt":"2026-03-27T17:46:11","slug":"automatska-centrala-doma-zdravlja","status":"publish","type":"page","link":"https:\/\/dzbeocin.rs\/?page_id=169","title":{"rendered":"AUTOMATSKA CENTRALA DOMA ZDRAVLJA"},"content":{"rendered":"\n<div class=\"wp-block-group is-style-bk-box-shadow-large has-global-padding is-layout-constrained wp-container-core-group-is-layout-9a4c8acf wp-block-group-is-layout-constrained\" style=\"padding-top:var(--wp--preset--spacing--small);padding-right:var(--wp--preset--spacing--small);padding-bottom:var(--wp--preset--spacing--small);padding-left:var(--wp--preset--spacing--small)\">\n<h4 class=\"wp-block-heading\">Ukoliko pozovete Dom zdravlja na broj telefona <strong>021\/2972-000<\/strong>, <\/h4>\n\n\n\n<h4 class=\"wp-block-heading\">javi\u0107e Vam se automatska sekretarica.<\/h4>\n\n\n\n<h4 class=\"wp-block-heading\">Potrebno je samo da ukucate broj lokala kako biste dobili \u017eeljenu slu\u017ebu:<\/h4>\n<\/div>\n\n\n\n<div class=\"wp-block-columns is-layout-flex wp-container-core-columns-is-layout-28f84493 wp-block-columns-is-layout-flex\">\n<div class=\"wp-block-column is-layout-flow wp-block-column-is-layout-flow\" style=\"flex-basis:50%\">\n<div class=\"wp-block-group is-style-bk-box-shadow-large has-global-padding is-layout-constrained wp-container-core-group-is-layout-9a4c8acf wp-block-group-is-layout-constrained\" style=\"padding-top:var(--wp--preset--spacing--small);padding-right:var(--wp--preset--spacing--small);padding-bottom:var(--wp--preset--spacing--small);padding-left:var(--wp--preset--spacing--small)\">\n<h5 class=\"wp-block-heading\">0 &#8211; sekretarica<\/h5>\n\n\n\n<h5 class=\"wp-block-heading\">118 &#8211; op\u0161ta medicina<\/h5>\n\n\n\n<h5 class=\"wp-block-heading\">217 &#8211; pedijatrija<\/h5>\n\n\n\n<h5 class=\"wp-block-heading\">109 &#8211; ginekologija<\/h5>\n\n\n\n<h5 class=\"wp-block-heading\">122 &#8211; stomatologija<\/h5>\n\n\n\n<h5 class=\"wp-block-heading\">114 &#8211; polivalentna patrona\u017ea<\/h5>\n\n\n\n<h5 class=\"wp-block-heading\">124 &#8211; laboratorija<\/h5>\n<\/div>\n<\/div>\n\n\n\n<div class=\"wp-block-column is-layout-flow wp-block-column-is-layout-flow\" style=\"flex-basis:50%\">\n<div class=\"wp-block-group is-style-bk-box-shadow-large has-global-padding is-layout-constrained wp-container-core-group-is-layout-9a4c8acf wp-block-group-is-layout-constrained\" style=\"padding-top:var(--wp--preset--spacing--small);padding-right:var(--wp--preset--spacing--small);padding-bottom:var(--wp--preset--spacing--small);padding-left:var(--wp--preset--spacing--small)\">\n<h5 class=\"wp-block-heading\">221 &#8211; radiologija<\/h5>\n\n\n\n<h5 class=\"wp-block-heading\">119 &#8211; interna medicina<\/h5>\n\n\n\n<h5 class=\"wp-block-heading\">121 &#8211; pneumoftiziologija<\/h5>\n\n\n\n<h5 class=\"wp-block-heading\">113 &#8211; centralni magacin<\/h5>\n\n\n\n<h5 class=\"wp-block-heading\">103 &#8211; pravnik<\/h5>\n\n\n\n<h5 class=\"wp-block-heading\">107 &#8211; \u0161ef ra\u010dunovodstva<\/h5>\n\n\n\n<h5 class=\"wp-block-heading\">105 &#8211; blagajna<\/h5>\n<\/div>\n<\/div>\n<\/div>\n","protected":false},"excerpt":{"rendered":"<p>Ukoliko pozovete Dom zdravlja na broj telefona 021\/2972-000, javi\u0107e Vam se automatska sekretarica. Potrebno je samo da ukucate broj lokala kako biste dobili \u017eeljenu slu\u017ebu: 0 &#8211; sekretarica 118 &#8211; op\u0161ta medicina 217 &#8211; pedijatrija 109 &#8211; ginekologija 122 &#8211; stomatologija 114 &#8211; polivalentna patrona\u017ea 124 &#8211; laboratorija 221 &#8211; radiologija 119 &#8211; interna medicina [&hellip;]<\/p>\n","protected":false},"author":1,"featured_media":0,"parent":0,"menu_order":0,"comment_status":"closed","ping_status":"closed","template":"","meta":{"footnotes":""},"class_list":["post-169","page","type-page","status-publish","hentry"],"_links":{"self":[{"href":"https:\/\/dzbeocin.rs\/index.php?rest_route=\/wp\/v2\/pages\/169","targetHints":{"allow":["GET"]}}],"collection":[{"href":"https:\/\/dzbeocin.rs\/index.php?rest_route=\/wp\/v2\/pages"}],"about":[{"href":"https:\/\/dzbeocin.rs\/index.php?rest_route=\/wp\/v2\/types\/page"}],"author":[{"embeddable":true,"href":"https:\/\/dzbeocin.rs\/index.php?rest_route=\/wp\/v2\/users\/1"}],"replies":[{"embeddable":true,"href":"https:\/\/dzbeocin.rs\/index.php?rest_route=%2Fwp%2Fv2%2Fcomments&post=169"}],"version-history":[{"count":5,"href":"https:\/\/dzbeocin.rs\/index.php?rest_route=\/wp\/v2\/pages\/169\/revisions"}],"predecessor-version":[{"id":188,"href":"https:\/\/dzbeocin.rs\/index.php?rest_route=\/wp\/v2\/pages\/169\/revisions\/188"}],"wp:attachment":[{"href":"https:\/\/dzbeocin.rs\/index.php?rest_route=%2Fwp%2Fv2%2Fmedia&parent=169"}],"curies":[{"name":"wp","href":"https:\/\/api.w.org\/{rel}","templated":true}]}}