{"id":2,"date":"2024-12-16T07:29:47","date_gmt":"2024-12-16T07:29:47","guid":{"rendered":"https:\/\/dzbeocin.rs\/?page_id=2"},"modified":"2026-03-31T07:52:21","modified_gmt":"2026-03-31T07:52:21","slug":"sample-page","status":"publish","type":"page","link":"https:\/\/dzbeocin.rs\/?page_id=2","title":{"rendered":"O NAMA"},"content":{"rendered":"\n<div class=\"wp-block-group is-style-bk-box-shadow-large has-secondary-color has-text-color has-link-color wp-elements-62279a66b285fe639ca1bbe08e0fcfb6 has-global-padding is-layout-constrained wp-container-core-group-is-layout-8217c53c wp-block-group-is-layout-constrained\" style=\"padding-top:var(--wp--preset--spacing--medium);padding-right:var(--wp--preset--spacing--medium);padding-bottom:var(--wp--preset--spacing--medium);padding-left:var(--wp--preset--spacing--medium)\">\n<p class=\"has-secondary-color has-text-color has-link-color has-heading-font-family has-medium-font-size wp-elements-abcd8bcc65afd2dbb4ff40421f15a873\">Dom zdravlja \u201eDr Du\u0161an Savi\u0107 Doda\u201c je zdravstvena ustanova koja se nalazi u Op\u0161tini Beo\u010din i obavlja delatnost primarne zdravstvene za\u0161tite.<\/p>\n<\/div>\n\n\n\n<figure class=\"wp-block-image size-full\"><img loading=\"lazy\" decoding=\"async\" width=\"2170\" height=\"1086\" src=\"https:\/\/dzbeocin.rs\/wp-content\/uploads\/2026\/03\/dzBeocin2.jpg\" alt=\"\" class=\"wp-image-85\" style=\"box-shadow:12px 12px 50px rgba(0, 0, 0, 0.4)\" srcset=\"https:\/\/dzbeocin.rs\/wp-content\/uploads\/2026\/03\/dzBeocin2.jpg 2170w, https:\/\/dzbeocin.rs\/wp-content\/uploads\/2026\/03\/dzBeocin2-300x150.jpg 300w, https:\/\/dzbeocin.rs\/wp-content\/uploads\/2026\/03\/dzBeocin2-1024x512.jpg 1024w, https:\/\/dzbeocin.rs\/wp-content\/uploads\/2026\/03\/dzBeocin2-768x384.jpg 768w, https:\/\/dzbeocin.rs\/wp-content\/uploads\/2026\/03\/dzBeocin2-1536x769.jpg 1536w, https:\/\/dzbeocin.rs\/wp-content\/uploads\/2026\/03\/dzBeocin2-2048x1025.jpg 2048w\" sizes=\"auto, (max-width: 2170px) 100vw, 2170px\" \/><\/figure>\n\n\n\n<figure class=\"wp-block-gallery has-nested-images columns-4 is-cropped wp-block-gallery-1 is-layout-flex wp-block-gallery-is-layout-flex\">\n<figure class=\"wp-block-image size-large\"><img loading=\"lazy\" decoding=\"async\" width=\"1024\" height=\"530\" data-id=\"203\" src=\"https:\/\/dzbeocin.rs\/wp-content\/uploads\/2026\/03\/Dom_zdravlja-1024x530.jpg\" alt=\"\" class=\"wp-image-203\" style=\"box-shadow:12px 12px 50px rgba(0, 0, 0, 0.4)\" srcset=\"https:\/\/dzbeocin.rs\/wp-content\/uploads\/2026\/03\/Dom_zdravlja-1024x530.jpg 1024w, https:\/\/dzbeocin.rs\/wp-content\/uploads\/2026\/03\/Dom_zdravlja-300x155.jpg 300w, https:\/\/dzbeocin.rs\/wp-content\/uploads\/2026\/03\/Dom_zdravlja-768x398.jpg 768w, https:\/\/dzbeocin.rs\/wp-content\/uploads\/2026\/03\/Dom_zdravlja.jpg 1483w\" sizes=\"auto, (max-width: 1024px) 100vw, 1024px\" \/><\/figure>\n\n\n\n<figure class=\"wp-block-image size-large\"><img loading=\"lazy\" decoding=\"async\" width=\"1024\" height=\"485\" data-id=\"206\" src=\"https:\/\/dzbeocin.rs\/wp-content\/uploads\/2026\/03\/dzb-slide4-1024x485.jpg\" alt=\"\" class=\"wp-image-206\" style=\"box-shadow:12px 12px 50px rgba(0, 0, 0, 0.4)\" srcset=\"https:\/\/dzbeocin.rs\/wp-content\/uploads\/2026\/03\/dzb-slide4-1024x485.jpg 1024w, https:\/\/dzbeocin.rs\/wp-content\/uploads\/2026\/03\/dzb-slide4-300x142.jpg 300w, https:\/\/dzbeocin.rs\/wp-content\/uploads\/2026\/03\/dzb-slide4-768x364.jpg 768w, https:\/\/dzbeocin.rs\/wp-content\/uploads\/2026\/03\/dzb-slide4-1536x728.jpg 1536w, https:\/\/dzbeocin.rs\/wp-content\/uploads\/2026\/03\/dzb-slide4-2048x971.jpg 2048w\" sizes=\"auto, (max-width: 1024px) 100vw, 1024px\" \/><\/figure>\n\n\n\n<figure class=\"wp-block-image size-large\"><img loading=\"lazy\" decoding=\"async\" width=\"1024\" height=\"665\" data-id=\"207\" src=\"https:\/\/dzbeocin.rs\/wp-content\/uploads\/2026\/03\/night-1024x665.jpg\" alt=\"\" class=\"wp-image-207\" style=\"box-shadow:12px 12px 50px rgba(0, 0, 0, 0.4)\" srcset=\"https:\/\/dzbeocin.rs\/wp-content\/uploads\/2026\/03\/night-1024x665.jpg 1024w, https:\/\/dzbeocin.rs\/wp-content\/uploads\/2026\/03\/night-300x195.jpg 300w, https:\/\/dzbeocin.rs\/wp-content\/uploads\/2026\/03\/night-768x499.jpg 768w, https:\/\/dzbeocin.rs\/wp-content\/uploads\/2026\/03\/night-1536x998.jpg 1536w, https:\/\/dzbeocin.rs\/wp-content\/uploads\/2026\/03\/night-2048x1331.jpg 2048w\" sizes=\"auto, (max-width: 1024px) 100vw, 1024px\" \/><\/figure>\n\n\n\n<figure class=\"wp-block-image size-large\"><img loading=\"lazy\" decoding=\"async\" width=\"1024\" height=\"508\" data-id=\"26\" src=\"https:\/\/dzbeocin.rs\/wp-content\/uploads\/2025\/06\/cropped-cropped-dzBeocin2-1-1024x508.jpg\" alt=\"\" class=\"wp-image-26\" srcset=\"https:\/\/dzbeocin.rs\/wp-content\/uploads\/2025\/06\/cropped-cropped-dzBeocin2-1-1024x508.jpg 1024w, https:\/\/dzbeocin.rs\/wp-content\/uploads\/2025\/06\/cropped-cropped-dzBeocin2-1-300x149.jpg 300w, https:\/\/dzbeocin.rs\/wp-content\/uploads\/2025\/06\/cropped-cropped-dzBeocin2-1-768x381.jpg 768w, https:\/\/dzbeocin.rs\/wp-content\/uploads\/2025\/06\/cropped-cropped-dzBeocin2-1.jpg 1500w\" sizes=\"auto, (max-width: 1024px) 100vw, 1024px\" \/><\/figure>\n<\/figure>\n\n\n\n<div style=\"height:38px\" aria-hidden=\"true\" class=\"wp-block-spacer\"><\/div>\n\n\n\n<div class=\"wp-block-group is-style-bk-box-shadow-large has-secondary-color has-text-color has-link-color wp-elements-988f35c23488512daa1a23526f5287f9 has-global-padding is-layout-constrained wp-container-core-group-is-layout-8217c53c wp-block-group-is-layout-constrained\" style=\"padding-top:var(--wp--preset--spacing--medium);padding-right:var(--wp--preset--spacing--medium);padding-bottom:var(--wp--preset--spacing--medium);padding-left:var(--wp--preset--spacing--medium)\">\n<p class=\"has-secondary-color has-text-color has-link-color has-heading-font-family has-medium-font-size wp-elements-7f854aafdd4c1c96754719946080878e\">Primarna zdravstvena za\u0161tita je prvi i naj\u010de\u0161\u0107i oblik kontakta stanovni\u0161tva sa zdravstvenom slu\u017ebom. To je ona za\u0161tita koja se pru\u017ea na mestu gde ljudi \u017eive i rade, a podrazumeva sveobuhvatnu brigu za zdravlje, sprovo\u0111enje preventivnih i kurativnih mera, zdravstveno vaspitanje, kao i saradnju sa svim organizacijama i ustanovama koje mogu doprineti boljem zdravlju stanovni\u0161tva.<\/p>\n\n\n\n<p class=\"has-secondary-color has-text-color has-link-color has-heading-font-family has-medium-font-size wp-elements-6c6080065f4a939c35608d6373ea3e64\">U u\u017eem smislu, primarna zdravstvena za\u0161tita objedinjuje delatnost op\u0161te, porodi\u010dne medicine, hitne medicinske pomo\u0107i i ku\u0107nog le\u010denja, zdravstvenu za\u0161titu dece, \u017eena i polivalentnu patrona\u017eu, stomatolo\u0161ku zdravstvenu za\u0161titu, laboratorijsku dijagnostiku i specijalisti\u010dko-konsultativne delatnosti.<\/p>\n<\/div>\n\n\n\n<div style=\"height:38px\" aria-hidden=\"true\" class=\"wp-block-spacer\"><\/div>\n\n\n\n<figure class=\"wp-block-image size-full\"><img loading=\"lazy\" decoding=\"async\" width=\"2560\" height=\"1697\" src=\"https:\/\/dzbeocin.rs\/wp-content\/uploads\/2026\/03\/dzBeocin5-scaled-1.jpg\" alt=\"\" class=\"wp-image-177\" style=\"box-shadow:12px 12px 50px rgba(0, 0, 0, 0.4)\" srcset=\"https:\/\/dzbeocin.rs\/wp-content\/uploads\/2026\/03\/dzBeocin5-scaled-1.jpg 2560w, https:\/\/dzbeocin.rs\/wp-content\/uploads\/2026\/03\/dzBeocin5-scaled-1-300x199.jpg 300w, https:\/\/dzbeocin.rs\/wp-content\/uploads\/2026\/03\/dzBeocin5-scaled-1-1024x679.jpg 1024w, https:\/\/dzbeocin.rs\/wp-content\/uploads\/2026\/03\/dzBeocin5-scaled-1-768x509.jpg 768w, https:\/\/dzbeocin.rs\/wp-content\/uploads\/2026\/03\/dzBeocin5-scaled-1-1536x1018.jpg 1536w, https:\/\/dzbeocin.rs\/wp-content\/uploads\/2026\/03\/dzBeocin5-scaled-1-2048x1358.jpg 2048w\" sizes=\"auto, (max-width: 2560px) 100vw, 2560px\" \/><\/figure>\n\n\n\n<div style=\"height:38px\" aria-hidden=\"true\" class=\"wp-block-spacer\"><\/div>\n\n\n\n<div class=\"wp-block-group is-style-bk-box-shadow-large has-secondary-color has-text-color has-link-color wp-elements-7b0dcaaeae1090eb2a94727ced2d18bc has-global-padding is-layout-constrained wp-container-core-group-is-layout-8217c53c wp-block-group-is-layout-constrained\" style=\"padding-top:var(--wp--preset--spacing--medium);padding-right:var(--wp--preset--spacing--medium);padding-bottom:var(--wp--preset--spacing--medium);padding-left:var(--wp--preset--spacing--medium)\">\n<p class=\"has-secondary-color has-text-color has-link-color has-heading-font-family has-medium-font-size wp-elements-13b31bd14101e6f15f94f1097f2e4927\">Pored zgrade u Beo\u010dinu na centralnoj lokaciji, Domu zdravlja pripada jo\u0161 sedam terenskih ambulanti u Beo\u010dinu i u okolnim selima.<\/p>\n<\/div>\n\n\n\n<figure class=\"wp-block-gallery has-nested-images columns-2 is-cropped wp-block-gallery-2 is-layout-flex wp-block-gallery-is-layout-flex\">\n<figure class=\"wp-block-image size-large is-style-default\"><img loading=\"lazy\" decoding=\"async\" width=\"1024\" height=\"439\" data-id=\"208\" src=\"https:\/\/dzbeocin.rs\/wp-content\/uploads\/2026\/03\/AmbulantaCerevic-1024x439.jpg\" alt=\"\" class=\"wp-image-208\" style=\"box-shadow:12px 12px 50px rgba(0, 0, 0, 0.4)\" srcset=\"https:\/\/dzbeocin.rs\/wp-content\/uploads\/2026\/03\/AmbulantaCerevic-1024x439.jpg 1024w, https:\/\/dzbeocin.rs\/wp-content\/uploads\/2026\/03\/AmbulantaCerevic-300x129.jpg 300w, https:\/\/dzbeocin.rs\/wp-content\/uploads\/2026\/03\/AmbulantaCerevic-768x329.jpg 768w, https:\/\/dzbeocin.rs\/wp-content\/uploads\/2026\/03\/AmbulantaCerevic-1536x659.jpg 1536w, https:\/\/dzbeocin.rs\/wp-content\/uploads\/2026\/03\/AmbulantaCerevic-2048x879.jpg 2048w\" sizes=\"auto, (max-width: 1024px) 100vw, 1024px\" \/><figcaption class=\"wp-element-caption\">\u010cerevi\u0107<\/figcaption><\/figure>\n\n\n\n<figure class=\"wp-block-image size-large\"><img loading=\"lazy\" decoding=\"async\" width=\"1024\" height=\"500\" data-id=\"209\" src=\"https:\/\/dzbeocin.rs\/wp-content\/uploads\/2026\/03\/AmbulantaBanostor-1024x500.jpg\" alt=\"\" class=\"wp-image-209\" style=\"box-shadow:12px 12px 50px rgba(0, 0, 0, 0.4)\" srcset=\"https:\/\/dzbeocin.rs\/wp-content\/uploads\/2026\/03\/AmbulantaBanostor-1024x500.jpg 1024w, https:\/\/dzbeocin.rs\/wp-content\/uploads\/2026\/03\/AmbulantaBanostor-300x146.jpg 300w, https:\/\/dzbeocin.rs\/wp-content\/uploads\/2026\/03\/AmbulantaBanostor-768x375.jpg 768w, https:\/\/dzbeocin.rs\/wp-content\/uploads\/2026\/03\/AmbulantaBanostor-1536x750.jpg 1536w, https:\/\/dzbeocin.rs\/wp-content\/uploads\/2026\/03\/AmbulantaBanostor-2048x1000.jpg 2048w\" sizes=\"auto, (max-width: 1024px) 100vw, 1024px\" \/><figcaption class=\"wp-element-caption\">Bano\u0161tor<\/figcaption><\/figure>\n\n\n\n<figure class=\"wp-block-image size-large\"><img loading=\"lazy\" decoding=\"async\" width=\"1024\" height=\"702\" data-id=\"210\" src=\"https:\/\/dzbeocin.rs\/wp-content\/uploads\/2026\/03\/AmbulantaSusek-1024x702.jpg\" alt=\"\" class=\"wp-image-210\" style=\"box-shadow:12px 12px 50px rgba(0, 0, 0, 0.4)\" srcset=\"https:\/\/dzbeocin.rs\/wp-content\/uploads\/2026\/03\/AmbulantaSusek-1024x702.jpg 1024w, https:\/\/dzbeocin.rs\/wp-content\/uploads\/2026\/03\/AmbulantaSusek-300x206.jpg 300w, https:\/\/dzbeocin.rs\/wp-content\/uploads\/2026\/03\/AmbulantaSusek-768x526.jpg 768w, https:\/\/dzbeocin.rs\/wp-content\/uploads\/2026\/03\/AmbulantaSusek-1536x1053.jpg 1536w, https:\/\/dzbeocin.rs\/wp-content\/uploads\/2026\/03\/AmbulantaSusek-2048x1403.jpg 2048w\" sizes=\"auto, (max-width: 1024px) 100vw, 1024px\" \/><figcaption class=\"wp-element-caption\">Susek<\/figcaption><\/figure>\n\n\n\n<figure class=\"wp-block-image size-large\"><img loading=\"lazy\" decoding=\"async\" width=\"1024\" height=\"710\" data-id=\"211\" src=\"https:\/\/dzbeocin.rs\/wp-content\/uploads\/2026\/03\/AmbulantaLug-1024x710.jpg\" alt=\"\" class=\"wp-image-211\" style=\"box-shadow:12px 12px 50px rgba(0, 0, 0, 0.4)\" srcset=\"https:\/\/dzbeocin.rs\/wp-content\/uploads\/2026\/03\/AmbulantaLug-1024x710.jpg 1024w, https:\/\/dzbeocin.rs\/wp-content\/uploads\/2026\/03\/AmbulantaLug-300x208.jpg 300w, https:\/\/dzbeocin.rs\/wp-content\/uploads\/2026\/03\/AmbulantaLug-768x532.jpg 768w, https:\/\/dzbeocin.rs\/wp-content\/uploads\/2026\/03\/AmbulantaLug.jpg 1453w\" sizes=\"auto, (max-width: 1024px) 100vw, 1024px\" \/><figcaption class=\"wp-element-caption\">Lug<\/figcaption><\/figure>\n<\/figure>\n\n\n\n<p><\/p>\n","protected":false},"excerpt":{"rendered":"<p>Dom zdravlja \u201eDr Du\u0161an Savi\u0107 Doda\u201c je zdravstvena ustanova koja se nalazi u Op\u0161tini Beo\u010din i obavlja delatnost primarne zdravstvene za\u0161tite. Primarna zdravstvena za\u0161tita je prvi i naj\u010de\u0161\u0107i oblik kontakta stanovni\u0161tva sa zdravstvenom slu\u017ebom. To je ona za\u0161tita koja se pru\u017ea na mestu gde ljudi \u017eive i rade, a podrazumeva sveobuhvatnu brigu za zdravlje, sprovo\u0111enje [&hellip;]<\/p>\n","protected":false},"author":1,"featured_media":0,"parent":0,"menu_order":0,"comment_status":"closed","ping_status":"open","template":"","meta":{"footnotes":""},"class_list":["post-2","page","type-page","status-publish","hentry"],"_links":{"self":[{"href":"https:\/\/dzbeocin.rs\/index.php?rest_route=\/wp\/v2\/pages\/2","targetHints":{"allow":["GET"]}}],"collection":[{"href":"https:\/\/dzbeocin.rs\/index.php?rest_route=\/wp\/v2\/pages"}],"about":[{"href":"https:\/\/dzbeocin.rs\/index.php?rest_route=\/wp\/v2\/types\/page"}],"author":[{"embeddable":true,"href":"https:\/\/dzbeocin.rs\/index.php?rest_route=\/wp\/v2\/users\/1"}],"replies":[{"embeddable":true,"href":"https:\/\/dzbeocin.rs\/index.php?rest_route=%2Fwp%2Fv2%2Fcomments&post=2"}],"version-history":[{"count":11,"href":"https:\/\/dzbeocin.rs\/index.php?rest_route=\/wp\/v2\/pages\/2\/revisions"}],"predecessor-version":[{"id":212,"href":"https:\/\/dzbeocin.rs\/index.php?rest_route=\/wp\/v2\/pages\/2\/revisions\/212"}],"wp:attachment":[{"href":"https:\/\/dzbeocin.rs\/index.php?rest_route=%2Fwp%2Fv2%2Fmedia&parent=2"}],"curies":[{"name":"wp","href":"https:\/\/api.w.org\/{rel}","templated":true}]}}