{"id":220,"date":"2026-03-31T12:03:55","date_gmt":"2026-03-31T12:03:55","guid":{"rendered":"https:\/\/dzbeocin.rs\/?page_id=220"},"modified":"2026-03-31T12:45:53","modified_gmt":"2026-03-31T12:45:53","slug":"direktori","status":"publish","type":"page","link":"https:\/\/dzbeocin.rs\/?page_id=220","title":{"rendered":"DIREKTORI"},"content":{"rendered":"\n<div class=\"wp-block-group is-style-bk-box-shadow is-layout-grid wp-container-core-group-is-layout-29271053 wp-block-group-is-layout-grid\">\n<div class=\"wp-block-media-text is-stacked-on-mobile is-vertically-aligned-bottom has-pure-black-color has-text-color has-link-color wp-elements-1dfa5f06d9d98f60a4786411afe9d951\" style=\"margin-top:0;margin-bottom:0;padding-top:0;padding-right:0;padding-bottom:0;padding-left:0\"><figure class=\"wp-block-media-text__media\"><img loading=\"lazy\" decoding=\"async\" width=\"621\" height=\"859\" src=\"https:\/\/dzbeocin.rs\/wp-content\/uploads\/2026\/03\/1-dr-Branislav-Vasiljevic.jpg\" alt=\"\" class=\"wp-image-221 size-full\" srcset=\"https:\/\/dzbeocin.rs\/wp-content\/uploads\/2026\/03\/1-dr-Branislav-Vasiljevic.jpg 621w, https:\/\/dzbeocin.rs\/wp-content\/uploads\/2026\/03\/1-dr-Branislav-Vasiljevic-217x300.jpg 217w\" sizes=\"auto, (max-width: 621px) 100vw, 621px\" \/><\/figure><div class=\"wp-block-media-text__content\">\n<p class=\"has-secondary-color has-text-color has-link-color has-heading-font-family wp-elements-8537bb2eb9ea2f8b81a66763d2e73714\"><strong>dr Branislav Vasiljevi\u0107<\/strong><br>lekar op\u0161te medicine <br>1964 &#8211; 1966<\/p>\n<\/div><\/div>\n\n\n\n<div class=\"wp-block-media-text is-stacked-on-mobile is-vertically-aligned-bottom is-image-fill-element\" style=\"padding-right:0;padding-left:0\"><figure class=\"wp-block-media-text__media\"><img loading=\"lazy\" decoding=\"async\" width=\"764\" height=\"1024\" src=\"https:\/\/dzbeocin.rs\/wp-content\/uploads\/2026\/03\/2-dr-Mirko-Stojanovic-764x1024.jpg\" alt=\"\" class=\"wp-image-222 size-full\" style=\"object-position:49% 42%\" srcset=\"https:\/\/dzbeocin.rs\/wp-content\/uploads\/2026\/03\/2-dr-Mirko-Stojanovic-764x1024.jpg 764w, https:\/\/dzbeocin.rs\/wp-content\/uploads\/2026\/03\/2-dr-Mirko-Stojanovic-224x300.jpg 224w, https:\/\/dzbeocin.rs\/wp-content\/uploads\/2026\/03\/2-dr-Mirko-Stojanovic-768x1029.jpg 768w, https:\/\/dzbeocin.rs\/wp-content\/uploads\/2026\/03\/2-dr-Mirko-Stojanovic-1146x1536.jpg 1146w, https:\/\/dzbeocin.rs\/wp-content\/uploads\/2026\/03\/2-dr-Mirko-Stojanovic-1528x2048.jpg 1528w, https:\/\/dzbeocin.rs\/wp-content\/uploads\/2026\/03\/2-dr-Mirko-Stojanovic.jpg 1592w\" sizes=\"auto, (max-width: 764px) 100vw, 764px\" \/><\/figure><div class=\"wp-block-media-text__content\">\n<p class=\"has-text-align-left has-secondary-color has-text-color has-link-color has-heading-font-family wp-elements-7e001aacd2d08e43ed85730ac22cd4ac\"><strong>dr Mirko Stojanovi\u0107<br><\/strong>doktor op\u0161te medicine<br>1966 &#8211; 1967<\/p>\n<\/div><\/div>\n<\/div>\n\n\n\n<div style=\"height:50px\" aria-hidden=\"true\" class=\"wp-block-spacer\"><\/div>\n\n\n\n<div class=\"wp-block-group is-style-bk-box-shadow is-layout-grid wp-container-core-group-is-layout-b757edec wp-block-group-is-layout-grid\">\n<div class=\"wp-block-media-text is-stacked-on-mobile is-vertically-aligned-bottom has-pure-black-color has-text-color has-link-color wp-elements-52848e1c63fb3f99a4a6737ba7765841\" style=\"margin-top:0;margin-bottom:0;padding-top:0;padding-right:0;padding-bottom:0;padding-left:0\"><figure class=\"wp-block-media-text__media\"><img loading=\"lazy\" decoding=\"async\" width=\"739\" height=\"1024\" src=\"https:\/\/dzbeocin.rs\/wp-content\/uploads\/2026\/03\/3-dr-Nikola-Vojnovic-739x1024.jpg\" alt=\"\" class=\"wp-image-223 size-full\" srcset=\"https:\/\/dzbeocin.rs\/wp-content\/uploads\/2026\/03\/3-dr-Nikola-Vojnovic-739x1024.jpg 739w, https:\/\/dzbeocin.rs\/wp-content\/uploads\/2026\/03\/3-dr-Nikola-Vojnovic-217x300.jpg 217w, https:\/\/dzbeocin.rs\/wp-content\/uploads\/2026\/03\/3-dr-Nikola-Vojnovic-768x1064.jpg 768w, https:\/\/dzbeocin.rs\/wp-content\/uploads\/2026\/03\/3-dr-Nikola-Vojnovic-1109x1536.jpg 1109w, https:\/\/dzbeocin.rs\/wp-content\/uploads\/2026\/03\/3-dr-Nikola-Vojnovic-1479x2048.jpg 1479w, https:\/\/dzbeocin.rs\/wp-content\/uploads\/2026\/03\/3-dr-Nikola-Vojnovic-scaled.jpg 1848w\" sizes=\"auto, (max-width: 739px) 100vw, 739px\" \/><\/figure><div class=\"wp-block-media-text__content\">\n<p class=\"has-secondary-color has-text-color has-link-color has-heading-font-family wp-elements-54f2a892e4cd2b83ce05ff5bdaa87ec6\"><strong>dr Nikola Vojnovi\u0107<br><\/strong>spec. medicine rada<br>1967 &#8211; 1978<\/p>\n<\/div><\/div>\n\n\n\n<div class=\"wp-block-media-text is-stacked-on-mobile is-vertically-aligned-bottom\" style=\"padding-right:0;padding-left:0\"><figure class=\"wp-block-media-text__media\"><img loading=\"lazy\" decoding=\"async\" width=\"739\" height=\"1024\" src=\"https:\/\/dzbeocin.rs\/wp-content\/uploads\/2026\/03\/4-dr-Sava-Vlahovic-739x1024.jpg\" alt=\"\" class=\"wp-image-224 size-full\" srcset=\"https:\/\/dzbeocin.rs\/wp-content\/uploads\/2026\/03\/4-dr-Sava-Vlahovic-739x1024.jpg 739w, https:\/\/dzbeocin.rs\/wp-content\/uploads\/2026\/03\/4-dr-Sava-Vlahovic-217x300.jpg 217w, https:\/\/dzbeocin.rs\/wp-content\/uploads\/2026\/03\/4-dr-Sava-Vlahovic-768x1064.jpg 768w, https:\/\/dzbeocin.rs\/wp-content\/uploads\/2026\/03\/4-dr-Sava-Vlahovic-1109x1536.jpg 1109w, https:\/\/dzbeocin.rs\/wp-content\/uploads\/2026\/03\/4-dr-Sava-Vlahovic-1479x2048.jpg 1479w, https:\/\/dzbeocin.rs\/wp-content\/uploads\/2026\/03\/4-dr-Sava-Vlahovic.jpg 1753w\" sizes=\"auto, (max-width: 739px) 100vw, 739px\" \/><\/figure><div class=\"wp-block-media-text__content\">\n<p class=\"has-text-align-left has-secondary-color has-text-color has-link-color has-heading-font-family wp-elements-a63e52b5e461a58132e8317e8e0111f3\"><strong>dr Sava Vlahovi\u0107<br><\/strong>spec. medicine rada<br>1978 &#8211; 1987<\/p>\n<\/div><\/div>\n<\/div>\n\n\n\n<div style=\"height:50px\" aria-hidden=\"true\" class=\"wp-block-spacer\"><\/div>\n\n\n\n<div class=\"wp-block-group is-style-bk-box-shadow is-layout-grid wp-container-core-group-is-layout-b757edec wp-block-group-is-layout-grid\">\n<div class=\"wp-block-media-text is-stacked-on-mobile is-vertically-aligned-bottom has-pure-black-color has-text-color has-link-color wp-elements-472addc2da9b3f571ccf2938ed34a5ff\" style=\"margin-top:0;margin-bottom:0;padding-top:0;padding-right:0;padding-bottom:0;padding-left:0\"><figure class=\"wp-block-media-text__media\"><img loading=\"lazy\" decoding=\"async\" width=\"739\" height=\"1024\" src=\"https:\/\/dzbeocin.rs\/wp-content\/uploads\/2026\/03\/5-dr-Vojislav-Rasovic-739x1024.jpg\" alt=\"\" class=\"wp-image-225 size-full\" srcset=\"https:\/\/dzbeocin.rs\/wp-content\/uploads\/2026\/03\/5-dr-Vojislav-Rasovic-739x1024.jpg 739w, https:\/\/dzbeocin.rs\/wp-content\/uploads\/2026\/03\/5-dr-Vojislav-Rasovic-217x300.jpg 217w, https:\/\/dzbeocin.rs\/wp-content\/uploads\/2026\/03\/5-dr-Vojislav-Rasovic-768x1064.jpg 768w, https:\/\/dzbeocin.rs\/wp-content\/uploads\/2026\/03\/5-dr-Vojislav-Rasovic-1109x1536.jpg 1109w, https:\/\/dzbeocin.rs\/wp-content\/uploads\/2026\/03\/5-dr-Vojislav-Rasovic-1479x2048.jpg 1479w, https:\/\/dzbeocin.rs\/wp-content\/uploads\/2026\/03\/5-dr-Vojislav-Rasovic.jpg 1665w\" sizes=\"auto, (max-width: 739px) 100vw, 739px\" \/><\/figure><div class=\"wp-block-media-text__content\">\n<p class=\"has-secondary-color has-text-color has-link-color has-heading-font-family wp-elements-cad4f0d08b8aaf6c11dfb82bc70d0e98\"><strong>dr Vojislav Ra\u0161ovi\u0107<br><\/strong>spec. medicine rada<br>1987 &#8211; 1991<\/p>\n<\/div><\/div>\n\n\n\n<div class=\"wp-block-media-text is-stacked-on-mobile is-vertically-aligned-bottom\" style=\"padding-right:0;padding-left:0\"><figure class=\"wp-block-media-text__media\"><img loading=\"lazy\" decoding=\"async\" width=\"740\" height=\"1024\" src=\"https:\/\/dzbeocin.rs\/wp-content\/uploads\/2026\/03\/6-dr-Djordje-Popovic-740x1024.jpg\" alt=\"\" class=\"wp-image-226 size-full\" srcset=\"https:\/\/dzbeocin.rs\/wp-content\/uploads\/2026\/03\/6-dr-Djordje-Popovic-740x1024.jpg 740w, https:\/\/dzbeocin.rs\/wp-content\/uploads\/2026\/03\/6-dr-Djordje-Popovic-217x300.jpg 217w, https:\/\/dzbeocin.rs\/wp-content\/uploads\/2026\/03\/6-dr-Djordje-Popovic-768x1063.jpg 768w, https:\/\/dzbeocin.rs\/wp-content\/uploads\/2026\/03\/6-dr-Djordje-Popovic-1110x1536.jpg 1110w, https:\/\/dzbeocin.rs\/wp-content\/uploads\/2026\/03\/6-dr-Djordje-Popovic-1479x2048.jpg 1479w, https:\/\/dzbeocin.rs\/wp-content\/uploads\/2026\/03\/6-dr-Djordje-Popovic-scaled.jpg 1849w\" sizes=\"auto, (max-width: 740px) 100vw, 740px\" \/><\/figure><div class=\"wp-block-media-text__content\">\n<p class=\"has-text-align-left has-secondary-color has-text-color has-link-color has-heading-font-family wp-elements-57cc58b5e1e0e9d3f9b689adfa318da3\"><strong>dr \u0110or\u0111e Popovi\u0107<br><\/strong>spec. protetike<br>1991 &#8211; 2001<\/p>\n<\/div><\/div>\n<\/div>\n\n\n\n<div style=\"height:50px\" aria-hidden=\"true\" class=\"wp-block-spacer\"><\/div>\n\n\n\n<div class=\"wp-block-group is-style-bk-box-shadow is-layout-grid wp-container-core-group-is-layout-b757edec wp-block-group-is-layout-grid\">\n<div class=\"wp-block-media-text is-stacked-on-mobile is-vertically-aligned-bottom is-image-fill-element has-pure-black-color has-text-color has-link-color wp-elements-2d63c49990f751cf18794e9185042287\" style=\"margin-top:0;margin-bottom:0;padding-top:0;padding-right:0;padding-bottom:0;padding-left:0\"><figure class=\"wp-block-media-text__media\"><img loading=\"lazy\" decoding=\"async\" width=\"770\" height=\"1024\" src=\"https:\/\/dzbeocin.rs\/wp-content\/uploads\/2026\/03\/7-dr-Krste-Spirovski-770x1024.jpg\" alt=\"\" class=\"wp-image-227 size-full\" style=\"object-position:50% 50%\" srcset=\"https:\/\/dzbeocin.rs\/wp-content\/uploads\/2026\/03\/7-dr-Krste-Spirovski-770x1024.jpg 770w, https:\/\/dzbeocin.rs\/wp-content\/uploads\/2026\/03\/7-dr-Krste-Spirovski-226x300.jpg 226w, https:\/\/dzbeocin.rs\/wp-content\/uploads\/2026\/03\/7-dr-Krste-Spirovski-768x1021.jpg 768w, https:\/\/dzbeocin.rs\/wp-content\/uploads\/2026\/03\/7-dr-Krste-Spirovski-1155x1536.jpg 1155w, https:\/\/dzbeocin.rs\/wp-content\/uploads\/2026\/03\/7-dr-Krste-Spirovski-1540x2048.jpg 1540w, https:\/\/dzbeocin.rs\/wp-content\/uploads\/2026\/03\/7-dr-Krste-Spirovski.jpg 1576w\" sizes=\"auto, (max-width: 770px) 100vw, 770px\" \/><\/figure><div class=\"wp-block-media-text__content\">\n<p class=\"has-secondary-color has-text-color has-link-color has-heading-font-family wp-elements-4cf4db9138d2b08fec907d8a18db3387\"><strong>dr Krste Spirovski<br><\/strong>spec. fizikalne medicine i rehabilitacije<br>2001 &#8211; 2004<br>2008 &#8211; 2011<\/p>\n<\/div><\/div>\n\n\n\n<div class=\"wp-block-media-text is-stacked-on-mobile is-vertically-aligned-bottom\" style=\"padding-right:0;padding-left:0\"><figure class=\"wp-block-media-text__media\"><img loading=\"lazy\" decoding=\"async\" width=\"726\" height=\"1024\" src=\"https:\/\/dzbeocin.rs\/wp-content\/uploads\/2026\/03\/9-dr-Aleksandar-Cetkovic-726x1024.jpg\" alt=\"\" class=\"wp-image-230 size-full\" srcset=\"https:\/\/dzbeocin.rs\/wp-content\/uploads\/2026\/03\/9-dr-Aleksandar-Cetkovic-726x1024.jpg 726w, https:\/\/dzbeocin.rs\/wp-content\/uploads\/2026\/03\/9-dr-Aleksandar-Cetkovic-213x300.jpg 213w, https:\/\/dzbeocin.rs\/wp-content\/uploads\/2026\/03\/9-dr-Aleksandar-Cetkovic-768x1083.jpg 768w, https:\/\/dzbeocin.rs\/wp-content\/uploads\/2026\/03\/9-dr-Aleksandar-Cetkovic-1089x1536.jpg 1089w, https:\/\/dzbeocin.rs\/wp-content\/uploads\/2026\/03\/9-dr-Aleksandar-Cetkovic.jpg 1206w\" sizes=\"auto, (max-width: 726px) 100vw, 726px\" \/><\/figure><div class=\"wp-block-media-text__content\">\n<p class=\"has-text-align-left has-secondary-color has-text-color has-link-color has-heading-font-family wp-elements-6616a1b7e142ecb1a533dd0149b8dce3\"><strong>dr Aleksandar \u0106etkovi\u0107<br><\/strong>spec. op\u0161te medicine<br>2011 &#8211; 2013<\/p>\n<\/div><\/div>\n<\/div>\n\n\n\n<div style=\"height:50px\" aria-hidden=\"true\" class=\"wp-block-spacer\"><\/div>\n\n\n\n<div class=\"wp-block-group is-style-bk-box-shadow is-layout-grid wp-container-core-group-is-layout-b757edec wp-block-group-is-layout-grid\">\n<div class=\"wp-block-media-text is-stacked-on-mobile is-vertically-aligned-bottom is-image-fill-element has-pure-black-color has-text-color has-link-color wp-elements-e9082bb3f88f22259370cdac569f83ea\" style=\"margin-top:0;margin-bottom:0;padding-top:0;padding-right:0;padding-bottom:0;padding-left:0\"><figure class=\"wp-block-media-text__media\"><img loading=\"lazy\" decoding=\"async\" width=\"740\" height=\"1024\" src=\"https:\/\/dzbeocin.rs\/wp-content\/uploads\/2026\/03\/10-dr-Masoud-Momeni-Sedehi-1-740x1024.jpg\" alt=\"\" class=\"wp-image-233 size-full\" style=\"object-position:56% 50%\" srcset=\"https:\/\/dzbeocin.rs\/wp-content\/uploads\/2026\/03\/10-dr-Masoud-Momeni-Sedehi-1-740x1024.jpg 740w, https:\/\/dzbeocin.rs\/wp-content\/uploads\/2026\/03\/10-dr-Masoud-Momeni-Sedehi-1-217x300.jpg 217w, https:\/\/dzbeocin.rs\/wp-content\/uploads\/2026\/03\/10-dr-Masoud-Momeni-Sedehi-1-768x1063.jpg 768w, https:\/\/dzbeocin.rs\/wp-content\/uploads\/2026\/03\/10-dr-Masoud-Momeni-Sedehi-1-1109x1536.jpg 1109w, https:\/\/dzbeocin.rs\/wp-content\/uploads\/2026\/03\/10-dr-Masoud-Momeni-Sedehi-1-1479x2048.jpg 1479w, https:\/\/dzbeocin.rs\/wp-content\/uploads\/2026\/03\/10-dr-Masoud-Momeni-Sedehi-1.jpg 1553w\" sizes=\"auto, (max-width: 740px) 100vw, 740px\" \/><\/figure><div class=\"wp-block-media-text__content\">\n<p class=\"has-secondary-color has-text-color has-link-color has-heading-font-family wp-elements-381c14a79fbd0047756246c4d9cc9f14\"><strong>dr Masoud Momeni Sedehi<br><\/strong>doktor stomatologije<br>2014 &#8211; 2020<\/p>\n<\/div><\/div>\n\n\n\n<div class=\"wp-block-media-text is-stacked-on-mobile is-vertically-aligned-bottom\" style=\"padding-right:0;padding-left:0\"><figure class=\"wp-block-media-text__media\"><img loading=\"lazy\" decoding=\"async\" width=\"721\" height=\"1024\" src=\"https:\/\/dzbeocin.rs\/wp-content\/uploads\/2026\/03\/Untitled-1-721x1024.jpg\" alt=\"\" class=\"wp-image-240 size-full\" srcset=\"https:\/\/dzbeocin.rs\/wp-content\/uploads\/2026\/03\/Untitled-1-721x1024.jpg 721w, https:\/\/dzbeocin.rs\/wp-content\/uploads\/2026\/03\/Untitled-1-211x300.jpg 211w, https:\/\/dzbeocin.rs\/wp-content\/uploads\/2026\/03\/Untitled-1-768x1091.jpg 768w, https:\/\/dzbeocin.rs\/wp-content\/uploads\/2026\/03\/Untitled-1-1081x1536.jpg 1081w, https:\/\/dzbeocin.rs\/wp-content\/uploads\/2026\/03\/Untitled-1-1442x2048.jpg 1442w, https:\/\/dzbeocin.rs\/wp-content\/uploads\/2026\/03\/Untitled-1-scaled.jpg 1802w\" sizes=\"auto, (max-width: 721px) 100vw, 721px\" \/><\/figure><div class=\"wp-block-media-text__content\">\n<p class=\"has-text-align-left has-secondary-color has-text-color has-link-color has-heading-font-family wp-elements-81c96948b323d2c06a2ab118f2356e4a\"><strong>dr Vera Radosavljevi\u0107<br><\/strong>spec. op\u0161te medicine<br>2020 &#8211; 2026<\/p>\n<\/div><\/div>\n<\/div>\n\n\n\n<div style=\"height:50px\" aria-hidden=\"true\" class=\"wp-block-spacer\"><\/div>\n\n\n\n<div class=\"wp-block-group is-style-bk-box-shadow is-layout-grid wp-container-core-group-is-layout-b757edec wp-block-group-is-layout-grid\">\n<div class=\"wp-block-media-text is-stacked-on-mobile is-vertically-aligned-bottom has-pure-black-color has-text-color has-link-color wp-elements-616e0bd7a1368db3f6411148c3543728\" style=\"margin-top:0;margin-bottom:0;padding-top:0;padding-right:0;padding-bottom:0;padding-left:0\"><figure class=\"wp-block-media-text__media\"><img loading=\"lazy\" decoding=\"async\" width=\"721\" height=\"1024\" src=\"https:\/\/dzbeocin.rs\/wp-content\/uploads\/2026\/03\/Untitled-1-721x1024.jpg\" alt=\"\" class=\"wp-image-240 size-full\" srcset=\"https:\/\/dzbeocin.rs\/wp-content\/uploads\/2026\/03\/Untitled-1-721x1024.jpg 721w, https:\/\/dzbeocin.rs\/wp-content\/uploads\/2026\/03\/Untitled-1-211x300.jpg 211w, https:\/\/dzbeocin.rs\/wp-content\/uploads\/2026\/03\/Untitled-1-768x1091.jpg 768w, https:\/\/dzbeocin.rs\/wp-content\/uploads\/2026\/03\/Untitled-1-1081x1536.jpg 1081w, https:\/\/dzbeocin.rs\/wp-content\/uploads\/2026\/03\/Untitled-1-1442x2048.jpg 1442w, https:\/\/dzbeocin.rs\/wp-content\/uploads\/2026\/03\/Untitled-1-scaled.jpg 1802w\" sizes=\"auto, (max-width: 721px) 100vw, 721px\" \/><\/figure><div class=\"wp-block-media-text__content\">\n<p class=\"has-secondary-color has-text-color has-link-color has-heading-font-family wp-elements-5a76ba6a9985dba7a9a5b689a0c75428\"><strong>Milo\u0161 Mati\u0107<br><\/strong>dipl. pravnik<\/p>\n<\/div><\/div>\n\n\n\n<div class=\"wp-block-media-text is-stacked-on-mobile is-vertically-aligned-bottom\" style=\"padding-right:0;padding-left:0\"><figure class=\"wp-block-media-text__media\"><img loading=\"lazy\" decoding=\"async\" width=\"724\" height=\"1024\" src=\"https:\/\/dzbeocin.rs\/wp-content\/uploads\/2026\/03\/direktor-blanko-724x1024.jpg\" alt=\"\" class=\"wp-image-237 size-full\" srcset=\"https:\/\/dzbeocin.rs\/wp-content\/uploads\/2026\/03\/direktor-blanko-724x1024.jpg 724w, https:\/\/dzbeocin.rs\/wp-content\/uploads\/2026\/03\/direktor-blanko-212x300.jpg 212w, https:\/\/dzbeocin.rs\/wp-content\/uploads\/2026\/03\/direktor-blanko-768x1086.jpg 768w, https:\/\/dzbeocin.rs\/wp-content\/uploads\/2026\/03\/direktor-blanko-1086x1536.jpg 1086w, https:\/\/dzbeocin.rs\/wp-content\/uploads\/2026\/03\/direktor-blanko-1448x2048.jpg 1448w, https:\/\/dzbeocin.rs\/wp-content\/uploads\/2026\/03\/direktor-blanko-scaled.jpg 1810w\" sizes=\"auto, (max-width: 724px) 100vw, 724px\" \/><\/figure><div class=\"wp-block-media-text__content\">\n<p class=\"has-text-align-left has-secondary-color has-text-color has-link-color has-heading-font-family wp-elements-afe130b69178be6d8b665e257eaad1bc\"><\/p>\n<\/div><\/div>\n<\/div>\n","protected":false},"excerpt":{"rendered":"<p>dr Branislav Vasiljevi\u0107lekar op\u0161te medicine 1964 &#8211; 1966 dr Mirko Stojanovi\u0107doktor op\u0161te medicine1966 &#8211; 1967 dr Nikola Vojnovi\u0107spec. medicine rada1967 &#8211; 1978 dr Sava Vlahovi\u0107spec. medicine rada1978 &#8211; 1987 dr Vojislav Ra\u0161ovi\u0107spec. medicine rada1987 &#8211; 1991 dr \u0110or\u0111e Popovi\u0107spec. protetike1991 &#8211; 2001 dr Krste Spirovskispec. fizikalne medicine i rehabilitacije2001 &#8211; 20042008 &#8211; 2011 dr Aleksandar [&hellip;]<\/p>\n","protected":false},"author":1,"featured_media":0,"parent":0,"menu_order":0,"comment_status":"closed","ping_status":"closed","template":"","meta":{"footnotes":""},"class_list":["post-220","page","type-page","status-publish","hentry"],"_links":{"self":[{"href":"https:\/\/dzbeocin.rs\/index.php?rest_route=\/wp\/v2\/pages\/220","targetHints":{"allow":["GET"]}}],"collection":[{"href":"https:\/\/dzbeocin.rs\/index.php?rest_route=\/wp\/v2\/pages"}],"about":[{"href":"https:\/\/dzbeocin.rs\/index.php?rest_route=\/wp\/v2\/types\/page"}],"author":[{"embeddable":true,"href":"https:\/\/dzbeocin.rs\/index.php?rest_route=\/wp\/v2\/users\/1"}],"replies":[{"embeddable":true,"href":"https:\/\/dzbeocin.rs\/index.php?rest_route=%2Fwp%2Fv2%2Fcomments&post=220"}],"version-history":[{"count":6,"href":"https:\/\/dzbeocin.rs\/index.php?rest_route=\/wp\/v2\/pages\/220\/revisions"}],"predecessor-version":[{"id":241,"href":"https:\/\/dzbeocin.rs\/index.php?rest_route=\/wp\/v2\/pages\/220\/revisions\/241"}],"wp:attachment":[{"href":"https:\/\/dzbeocin.rs\/index.php?rest_route=%2Fwp%2Fv2%2Fmedia&parent=220"}],"curies":[{"name":"wp","href":"https:\/\/api.w.org\/{rel}","templated":true}]}}