{"id":64,"date":"2026-03-18T12:35:27","date_gmt":"2026-03-18T12:35:27","guid":{"rendered":"https:\/\/dzbeocin.rs\/?page_id=64"},"modified":"2026-03-18T12:59:35","modified_gmt":"2026-03-18T12:59:35","slug":"istorijat","status":"publish","type":"page","link":"https:\/\/dzbeocin.rs\/?page_id=64","title":{"rendered":"ISTORIJAT"},"content":{"rendered":"\n<p>Prvi za\u010deci organizovane zdravstvene za\u0161tite stanovni\u0161tva u XIX veku, i ranije, u dana\u0161njoj Beo\u010dinskoj op\u0161tini vezani su za manastire Beo\u010din i Rakovac. U to vreme bilo je uobi\u010dajeno da se u okviru manastira pru\u017eaju zdravstvene usluge i primaju bolesnici na le\u010denje. Oboleli me\u0161tani iz okolnih sela dolazili su kod monaha po medicinsku pomo\u0107 i lekove.<\/p>\n\n\n\n<p>Izme\u0111u dva svetska rata u krugu Beo\u010dinske fabrike cementa osnovana je Op\u0161ta bolnica koja je raspolagala sa 30 kreveta. Imala je salu za manje operacije i zubnu ambulantu. U Beo\u010dinu su postojale i privatne ordinacije koje su pru\u017eale zdravstvenu za\u0161titu \u017eiteljima.<\/p>\n\n\n\n<p>Posle Drugog svetskog rata u okviru fabrike cementa, koja je prethodno oduzeta vlasnicima, osnovane su dr\u017eavna apoteka, stomatolo\u0161ka ordinacija, laboratorija, \u017eenski i mu\u0161ki stacionar i ambulanta op\u0161te prakse. U dana\u0161njoj zgradi policije 1945. godine otvorena je zdravstvena ambulanta kao ispostava novosadskog Doma zdravlja. Desetak godina kasnije na inicijativu tada\u0161njeg lekara dr Gustava Ivkovi\u0107a osnovano je i porodili\u0161te u kojem je radio stru\u010dni kadar. U prostorijama konaka manastira Beo\u010din nalazila se bolnica za plu\u0107ne bolesti koja je uglavnom omogu\u0107avala le\u010denje i fizi\u010dki oporavak obolelima od tuberkuloze. Odlukom Narodnog odbora Op\u0161tine Beo\u010din od 26. novembra 1962. godine osnovan je Dom narodnog zdravlja Beo\u010din koji je pravni prethodnik dana\u0161njeg Doma zdravlja, a godinu ili dve kasnije i Narodna apoteka kao druga zdravstvena ustanova u Op\u0161tini. Do njihovog udru\u017eivanja do\u0161lo je 1. januara 1985. godine kada je formirana zdravstvena radna organizacija pod imenom Dom zdravlja Beo\u010din. Posle dono\u0161enja Zakona o zdravstvenoj za\u0161titi 1991. godine, poslovanje Doma zdravlja uskladilo se sa odredbama tog zakona. Te iste godine promenio je svoj dotada\u0161nji naziv u Dom zdravlja \u201eDr Du\u0161an Savi\u0107 Doda\u201c Beo\u010din.<\/p>\n\n\n\n<figure class=\"wp-block-gallery has-nested-images columns-default is-cropped wp-block-gallery-1 is-layout-flex wp-block-gallery-is-layout-flex\">\n<figure class=\"wp-block-image size-large\"><img loading=\"lazy\" decoding=\"async\" width=\"1024\" height=\"753\" data-id=\"72\" src=\"https:\/\/dzbeocin.rs\/wp-content\/uploads\/2026\/03\/dzhistory-1024x753.jpg\" alt=\"\" class=\"wp-image-72\" srcset=\"https:\/\/dzbeocin.rs\/wp-content\/uploads\/2026\/03\/dzhistory-1024x753.jpg 1024w, https:\/\/dzbeocin.rs\/wp-content\/uploads\/2026\/03\/dzhistory-300x221.jpg 300w, https:\/\/dzbeocin.rs\/wp-content\/uploads\/2026\/03\/dzhistory-768x565.jpg 768w, https:\/\/dzbeocin.rs\/wp-content\/uploads\/2026\/03\/dzhistory-1536x1129.jpg 1536w, https:\/\/dzbeocin.rs\/wp-content\/uploads\/2026\/03\/dzhistory-2048x1505.jpg 2048w\" sizes=\"auto, (max-width: 1024px) 100vw, 1024px\" \/><figcaption class=\"wp-element-caption\">Dom zdravlja Beo\u010din<\/figcaption><\/figure>\n\n\n\n<figure class=\"wp-block-image size-large\"><img loading=\"lazy\" decoding=\"async\" width=\"1024\" height=\"735\" data-id=\"73\" src=\"https:\/\/dzbeocin.rs\/wp-content\/uploads\/2026\/03\/ambRakovac-1024x735.jpg\" alt=\"\" class=\"wp-image-73\" srcset=\"https:\/\/dzbeocin.rs\/wp-content\/uploads\/2026\/03\/ambRakovac-1024x735.jpg 1024w, https:\/\/dzbeocin.rs\/wp-content\/uploads\/2026\/03\/ambRakovac-300x215.jpg 300w, https:\/\/dzbeocin.rs\/wp-content\/uploads\/2026\/03\/ambRakovac-768x551.jpg 768w, https:\/\/dzbeocin.rs\/wp-content\/uploads\/2026\/03\/ambRakovac.jpg 1039w\" sizes=\"auto, (max-width: 1024px) 100vw, 1024px\" \/><figcaption class=\"wp-element-caption\">Ambulanta Rakovac<\/figcaption><\/figure>\n\n\n\n<figure class=\"wp-block-image size-large\"><img loading=\"lazy\" decoding=\"async\" width=\"1024\" height=\"762\" data-id=\"74\" src=\"https:\/\/dzbeocin.rs\/wp-content\/uploads\/2026\/03\/ambCerevic-1024x762.jpg\" alt=\"\" class=\"wp-image-74\" srcset=\"https:\/\/dzbeocin.rs\/wp-content\/uploads\/2026\/03\/ambCerevic-1024x762.jpg 1024w, https:\/\/dzbeocin.rs\/wp-content\/uploads\/2026\/03\/ambCerevic-300x223.jpg 300w, https:\/\/dzbeocin.rs\/wp-content\/uploads\/2026\/03\/ambCerevic-768x572.jpg 768w, https:\/\/dzbeocin.rs\/wp-content\/uploads\/2026\/03\/ambCerevic-1536x1144.jpg 1536w, https:\/\/dzbeocin.rs\/wp-content\/uploads\/2026\/03\/ambCerevic.jpg 1766w\" sizes=\"auto, (max-width: 1024px) 100vw, 1024px\" \/><figcaption class=\"wp-element-caption\">Zdravstvena stanica \u010cerevi\u0107<\/figcaption><\/figure>\n\n\n\n<figure class=\"wp-block-image size-large\"><img loading=\"lazy\" decoding=\"async\" width=\"980\" height=\"719\" data-id=\"75\" src=\"https:\/\/dzbeocin.rs\/wp-content\/uploads\/2026\/03\/ambBanostor.jpg\" alt=\"\" class=\"wp-image-75\" srcset=\"https:\/\/dzbeocin.rs\/wp-content\/uploads\/2026\/03\/ambBanostor.jpg 980w, https:\/\/dzbeocin.rs\/wp-content\/uploads\/2026\/03\/ambBanostor-300x220.jpg 300w, https:\/\/dzbeocin.rs\/wp-content\/uploads\/2026\/03\/ambBanostor-768x563.jpg 768w\" sizes=\"auto, (max-width: 980px) 100vw, 980px\" \/><figcaption class=\"wp-element-caption\">Ambulanta Bano\u0161tor<\/figcaption><\/figure>\n\n\n\n<figure class=\"wp-block-image size-large\"><img loading=\"lazy\" decoding=\"async\" width=\"1012\" height=\"724\" data-id=\"76\" src=\"https:\/\/dzbeocin.rs\/wp-content\/uploads\/2026\/03\/ambSusek.jpg\" alt=\"\" class=\"wp-image-76\" srcset=\"https:\/\/dzbeocin.rs\/wp-content\/uploads\/2026\/03\/ambSusek.jpg 1012w, https:\/\/dzbeocin.rs\/wp-content\/uploads\/2026\/03\/ambSusek-300x215.jpg 300w, https:\/\/dzbeocin.rs\/wp-content\/uploads\/2026\/03\/ambSusek-768x549.jpg 768w\" sizes=\"auto, (max-width: 1012px) 100vw, 1012px\" \/><figcaption class=\"wp-element-caption\">Zdravstvena stanica Susek<\/figcaption><\/figure>\n\n\n\n<figure class=\"wp-block-image size-large\"><img loading=\"lazy\" decoding=\"async\" width=\"870\" height=\"673\" data-id=\"77\" src=\"https:\/\/dzbeocin.rs\/wp-content\/uploads\/2026\/03\/ambLug.jpg\" alt=\"\" class=\"wp-image-77\" srcset=\"https:\/\/dzbeocin.rs\/wp-content\/uploads\/2026\/03\/ambLug.jpg 870w, https:\/\/dzbeocin.rs\/wp-content\/uploads\/2026\/03\/ambLug-300x232.jpg 300w, https:\/\/dzbeocin.rs\/wp-content\/uploads\/2026\/03\/ambLug-768x594.jpg 768w\" sizes=\"auto, (max-width: 870px) 100vw, 870px\" \/><figcaption class=\"wp-element-caption\">Ambulanta Lug<\/figcaption><\/figure>\n<\/figure>\n\n\n\n<p><\/p>\n","protected":false},"excerpt":{"rendered":"<p>Prvi za\u010deci organizovane zdravstvene za\u0161tite stanovni\u0161tva u XIX veku, i ranije, u dana\u0161njoj Beo\u010dinskoj op\u0161tini vezani su za manastire Beo\u010din i Rakovac. U to vreme bilo je uobi\u010dajeno da se u okviru manastira pru\u017eaju zdravstvene usluge i primaju bolesnici na le\u010denje. Oboleli me\u0161tani iz okolnih sela dolazili su kod monaha po medicinsku pomo\u0107 i lekove. [&hellip;]<\/p>\n","protected":false},"author":1,"featured_media":0,"parent":2,"menu_order":0,"comment_status":"closed","ping_status":"closed","template":"","meta":{"footnotes":""},"class_list":["post-64","page","type-page","status-publish","hentry"],"_links":{"self":[{"href":"https:\/\/dzbeocin.rs\/index.php?rest_route=\/wp\/v2\/pages\/64","targetHints":{"allow":["GET"]}}],"collection":[{"href":"https:\/\/dzbeocin.rs\/index.php?rest_route=\/wp\/v2\/pages"}],"about":[{"href":"https:\/\/dzbeocin.rs\/index.php?rest_route=\/wp\/v2\/types\/page"}],"author":[{"embeddable":true,"href":"https:\/\/dzbeocin.rs\/index.php?rest_route=\/wp\/v2\/users\/1"}],"replies":[{"embeddable":true,"href":"https:\/\/dzbeocin.rs\/index.php?rest_route=%2Fwp%2Fv2%2Fcomments&post=64"}],"version-history":[{"count":2,"href":"https:\/\/dzbeocin.rs\/index.php?rest_route=\/wp\/v2\/pages\/64\/revisions"}],"predecessor-version":[{"id":78,"href":"https:\/\/dzbeocin.rs\/index.php?rest_route=\/wp\/v2\/pages\/64\/revisions\/78"}],"up":[{"embeddable":true,"href":"https:\/\/dzbeocin.rs\/index.php?rest_route=\/wp\/v2\/pages\/2"}],"wp:attachment":[{"href":"https:\/\/dzbeocin.rs\/index.php?rest_route=%2Fwp%2Fv2%2Fmedia&parent=64"}],"curies":[{"name":"wp","href":"https:\/\/api.w.org\/{rel}","templated":true}]}}